{"id":1309,"date":"2020-04-21T09:47:08","date_gmt":"2020-04-21T09:47:08","guid":{"rendered":"https:\/\/valeurhomestaging.com\/legal-advise\/"},"modified":"2022-06-20T07:01:20","modified_gmt":"2022-06-20T07:01:20","slug":"legal-advise","status":"publish","type":"page","link":"https:\/\/valeurhomestaging.com\/en\/legal-advise\/","title":{"rendered":"Legal Advise"},"content":{"rendered":"<div class=\"fusion-fullwidth fullwidth-box fusion-builder-row-1 nonhundred-percent-fullwidth non-hundred-percent-height-scrolling\" style=\"--awb-border-radius-top-left:0px;--awb-border-radius-top-right:0px;--awb-border-radius-bottom-right:0px;--awb-border-radius-bottom-left:0px;--awb-margin-top:120px;--awb-margin-bottom:80px;--awb-flex-wrap:wrap;\" ><div class=\"fusion-builder-row fusion-row\"><div class=\"fusion-layout-column fusion_builder_column fusion-builder-column-0 fusion_builder_column_1_1 1_1 fusion-one-full fusion-column-first fusion-column-last\" style=\"--awb-bg-size:cover;--awb-margin-bottom:0px;\"><div class=\"fusion-column-wrapper fusion-flex-column-wrapper-legacy\"><div class=\"fusion-text fusion-text-1\"><h1>Legal warning<\/h1>\n<p>La titularidad de este sitio web, , (en adelante Sitio Web) la ostenta: <strong>PAULINE NATHALIE\u00a0MOUTARDIER<\/strong>, provista de NIF: X6081176E domiciliada en: AVDA. RAFAEL NADAL, 7,\u00a0PORTAL 3, 1\u00baA &#8211; (Alcobendas) &#8211; [Madrid], no puede asumir ninguna responsabilidad derivada\u00a0del uso incorrecto, inapropiado o il\u00edcito de la informaci\u00f3n aparecida en la p\u00e1gina.<\/p>\n<p>Con los l\u00edmites establecidos en la ley, <strong>PAULINE NATHALIE MOUTARDIER<\/strong> no asume ninguna\u00a0responsabilidad derivada de la falta de veracidad, integridad, actualizaci\u00f3n y precisi\u00f3n de los\u00a0datos o informaciones que se contienen en sus p\u00e1ginas de Internet.<\/p>\n<p>Los contenidos e informaci\u00f3n no vinculan a <strong>PAULINE NATHALIE MOUTARDIER<\/strong> ni\u00a0constituyen opiniones, consejos o asesoramiento legal de ning\u00fan tipo pues se trata meramente\u00a0de un servicio ofrecido con car\u00e1cter informativo y divulgativo. La p\u00e1gina de Internet puede\u00a0contener enlaces (links) a otras p\u00e1ginas de terceras partes que no podemos controlar. Por lo\u00a0tanto, <strong>PAULINE NATHALIE MOUTARDIER<\/strong> no puede asumir responsabilidades por el\u00a0contenido que pueda aparecer en p\u00e1ginas de terceros. Los textos, im\u00e1genes, sonidos,\u00a0animaciones, software y el resto de contenidos incluidos en este website son propiedad\u00a0exclusiva de <strong>PAULINE NATHALIE MOUTARDIER<\/strong> o sus licenciantes. Cualquier acto de\u00a0transmisi\u00f3n, distribuci\u00f3n, cesi\u00f3n, reproducci\u00f3n, almacenamiento o comunicaci\u00f3n p\u00fablica total o\u00a0parcial, debe contar con el consentimiento expreso de <strong>PAULINE NATHALIE MOUTARDIER<\/strong>\u00a0Asimismo, para acceder a algunos de los servicios que <strong>PAULINE NATHALIE MOUTARDIER<\/strong>\u00a0ofrece a trav\u00e9s del website deber\u00e1 proporcionar algunos datos de car\u00e1cter personal. En\u00a0cumplimiento de lo establecido en el Reglamento (UE) 2016\/679 del Parlamento Europeo y del\u00a0Consejo, de 27 de abril de 2016, relativo a la protecci\u00f3n de las personas f\u00edsicas en lo que\u00a0respecta al tratamiento de datos personales y a la libre circulaci\u00f3n de estos datos le\u00a0informamos que, mediante la cumplimentaci\u00f3n de los presentes formularios, sus datos\u00a0personales quedar\u00e1n incorporados y ser\u00e1n tratados en los ficheros de <strong>PAULINE NATHALIE\u00a0MOUTARDIER<\/strong> con el fin de poderle prestar y ofrecer nuestros servicios as\u00ed? como para\u00a0informarle de las mejoras del sitio Web. Asimismo, le informamos de la posibilidad de que\u00a0ejerza los derechos de acceso, rectificaci\u00f3n, limitaci\u00f3n, portabilidad, oposici\u00f3n y supresi\u00f3n de sus datos de car\u00e1cter personal, manera gratuita mediante email a\u00a0info@valeurhomestaging.com o en la direcci\u00f3n AVDA. RAFAEL NADAL, 7, PORTAL 3, 1\u00baA &#8211;\u00a0(Alcobendas) &#8211; [Madrid] .<\/p>\n<\/div><div class=\"fusion-clearfix\"><\/div><\/div><\/div><\/div><\/div>\n<div class=\"valeur-second-footer\"><div data-post-id=\"935\" class=\"insert-page insert-page-935 \"><div class=\"fusion-fullwidth fullwidth-box fusion-builder-row-2 hundred-percent-fullwidth non-hundred-percent-height-scrolling fusion-equal-height-columns\" style=\"--awb-border-radius-top-left:0px;--awb-border-radius-top-right:0px;--awb-border-radius-bottom-right:0px;--awb-border-radius-bottom-left:0px;--awb-padding-right:0px;--awb-padding-left:0px;--awb-margin-top:0px;--awb-margin-bottom:0px;--awb-flex-wrap:wrap;\" ><div class=\"fusion-builder-row fusion-row\"><div class=\"fusion-layout-column fusion_builder_column fusion-builder-column-1 fusion_builder_column_1_2 1_2 fusion-one-half fusion-column-first\" style=\"--awb-padding-top:120px;--awb-padding-bottom:50px;--awb-bg-color:#00a4b1;--awb-bg-color-hover:#00a4b1;--awb-bg-size:cover;--awb-margin-bottom:0px;\"><div class=\"fusion-column-wrapper fusion-column-has-shadow fusion-flex-column-wrapper-legacy\"><div class=\"fusion-text fusion-text-2 valeur-margin-section\"><h1 style=\"text-align: center;\"><span style=\"color: #ffffff;\">Get in <\/span><br \/>\n<span class=\"valeur-dancing-h1\" style=\"color: #ffffff;\">Touch<\/span><\/h1>\n<\/div><div class=\"fusion-sep-clear\"><\/div><div class=\"fusion-separator fusion-full-width-sep\" style=\"margin-left: auto;margin-right: auto;margin-top:20px;width:100%;\"><\/div><div class=\"fusion-sep-clear\"><\/div><div class=\"fusion-text fusion-text-3 valeur-margin-contact\"><p style=\"text-align: left;\"><span style=\"color: #ffffff;\">We\u2019d love to talk to you and see how we can help prepare your property for greater things.<\/span><\/p>\n<\/div><div class=\"fusion-sep-clear\"><\/div><div class=\"fusion-separator fusion-full-width-sep\" style=\"margin-left: auto;margin-right: auto;margin-top:20px;width:100%;\"><\/div><div class=\"fusion-sep-clear\"><\/div><div class=\"fusion-text fusion-text-4 valeur-legal-advise valeur-margin-contact\"><p><strong>Informaci\u00f3n b\u00e1sica sobre protecci\u00f3n de datos.<\/strong> Responsable: Valeur Home Staging. Finalidad: Gestionar el env\u00edo de informaci\u00f3n y prospecci\u00f3n comercial y dar acceso a los productos online. Legitimaci\u00f3n: Consentimiento del interesado. Destinatarios: Empresas proveedoras nacionales y encargados de tratamiento acogidos a privacy shield. Derechos: Acceder, rectificar y suprimir los datos, as\u00ed como otros derechos como se explica en la informaci\u00f3n adicional. Informaci\u00f3n adicional:\u00a0Puedes consultar la informaci\u00f3n adicional y detallada sobre protecci\u00f3n de datos\u00a0<a href=\"https:\/\/valeurhomestaging.com\/en\/privacy-policy\/\" target=\"_blank\" rel=\"noopener noreferrer\" data-saferedirecturl=\"https:\/\/www.google.com\/url?q=http:\/\/annagarcia.net\/consentimiento-web\/&amp;source=gmail&amp;ust=1586869246909000&amp;usg=AFQjCNHrth1FUQTpi671ZRHjiKZeDP83PA\">en este enlace<\/a><\/p>\n<\/div><div class=\"fusion-clearfix\"><\/div><\/div><\/div><div class=\"fusion-layout-column fusion_builder_column fusion-builder-column-2 fusion_builder_column_1_2 1_2 fusion-one-half fusion-column-last valeur-contact-form\" style=\"--awb-padding-top:120px;--awb-padding-bottom:30px;--awb-bg-color:#90c9c4;--awb-bg-color-hover:#90c9c4;--awb-bg-size:cover;--awb-margin-bottom:0px;\"><div class=\"fusion-column-wrapper fusion-column-has-shadow fusion-flex-column-wrapper-legacy\"><div class=\"fusion-text fusion-text-5 valeur-margin-contact\">\n<div class=\"wpcf7 no-js\" id=\"wpcf7-f1443-p1455-o1\" lang=\"en-US\" dir=\"ltr\" data-wpcf7-id=\"1443\">\n<div class=\"screen-reader-response\"><p role=\"status\" aria-live=\"polite\" aria-atomic=\"true\"><\/p> <ul><\/ul><\/div>\n<form action=\"\/en\/wp-json\/wp\/v2\/pages\/1309#wpcf7-f1443-p1455-o1\" method=\"post\" class=\"wpcf7-form init wpcf7-acceptance-as-validation\" aria-label=\"Contact form\" novalidate=\"novalidate\" data-status=\"init\">\n<fieldset class=\"hidden-fields-container\"><input type=\"hidden\" name=\"_wpcf7\" value=\"1443\" \/><input type=\"hidden\" name=\"_wpcf7_version\" value=\"6.1.5\" \/><input type=\"hidden\" name=\"_wpcf7_locale\" value=\"en_US\" \/><input type=\"hidden\" name=\"_wpcf7_unit_tag\" value=\"wpcf7-f1443-p1455-o1\" \/><input type=\"hidden\" name=\"_wpcf7_container_post\" value=\"1455\" \/><input type=\"hidden\" name=\"_wpcf7_posted_data_hash\" value=\"\" \/>\n<\/fieldset>\n<div class=\"valeur-contact-wrapper\">\n\t<div class=\"valeur-contact-label\">\n\t\t<p>Name <span class=\"valeur-asterisk\">*<\/span>\n\t\t<\/p>\n\t<\/div>\n\t<div class=\"valeur-contact-field\">\n\t\t<p><span class=\"wpcf7-form-control-wrap\" data-name=\"your-name\"><input size=\"40\" maxlength=\"400\" class=\"wpcf7-form-control wpcf7-text wpcf7-validates-as-required\" aria-required=\"true\" aria-invalid=\"false\" value=\"\" type=\"text\" name=\"your-name\" \/><\/span>\n\t\t<\/p>\n\t<\/div>\n<\/div>\n<div class=\"valeur-contact-wrapper\">\n\t<div class=\"valeur-contact-label\">\n\t\t<p>Email <span class=\"valeur-asterisk\">*<\/span>\n\t\t<\/p>\n\t<\/div>\n\t<div class=\"valeur-contact-field\">\n\t\t<p><span class=\"wpcf7-form-control-wrap\" data-name=\"your-email\"><input size=\"40\" maxlength=\"400\" class=\"wpcf7-form-control wpcf7-email wpcf7-validates-as-required wpcf7-text wpcf7-validates-as-email\" aria-required=\"true\" aria-invalid=\"false\" value=\"\" type=\"email\" name=\"your-email\" \/><\/span>\n\t\t<\/p>\n\t<\/div>\n<\/div>\n<div class=\"valeur-contact-wrapper\">\n\t<div class=\"valeur-contact-label\">\n\t\t<p>Phone\n\t\t<\/p>\n\t<\/div>\n\t<div class=\"valeur-contact-field\">\n\t\t<p><span class=\"wpcf7-form-control-wrap\" data-name=\"your-tel\"><input size=\"40\" maxlength=\"400\" class=\"wpcf7-form-control wpcf7-tel wpcf7-text wpcf7-validates-as-tel\" aria-invalid=\"false\" value=\"\" type=\"tel\" name=\"your-tel\" \/><\/span>\n\t\t<\/p>\n\t<\/div>\n<\/div>\n<div class=\"valeur-contact-wrapper\">\n\t<div class=\"valeur-contact-label\">\n\t\t<p>Message <span class=\"valeur-asterisk\">*<\/span>\n\t\t<\/p>\n\t<\/div>\n\t<div class=\"valeur-contact-field\">\n\t\t<p><span class=\"wpcf7-form-control-wrap\" data-name=\"your-message\"><textarea cols=\"40\" rows=\"10\" maxlength=\"2000\" class=\"wpcf7-form-control wpcf7-textarea wpcf7-validates-as-required\" aria-required=\"true\" aria-invalid=\"false\" name=\"your-message\"><\/textarea><\/span>\n\t\t<\/p>\n\t<\/div>\n<\/div>\n<div class=\"valeur-acceptance-text\">\n\t<p><span class=\"wpcf7-form-control-wrap\" data-name=\"acceptance-100\"><span class=\"wpcf7-form-control wpcf7-acceptance\"><span class=\"wpcf7-list-item\"><label><input type=\"checkbox\" name=\"acceptance-100\" value=\"1\" aria-invalid=\"false\" \/><span class=\"wpcf7-list-item-label\">I have read and accept the <a href=\"https:\/\/valeurhomestaging.com\/en\/privacy-policy\/\">privacy policy<\/a><\/span><\/label><\/span><\/span><\/span>\n\t<\/p>\n<\/div>\n<div style=\"text-align:center\">\n\t<p><input class=\"wpcf7-form-control wpcf7-submit has-spinner\" type=\"submit\" value=\"Send\" \/>\n\t<\/p>\n<\/div><div class=\"fusion-alert alert custom alert-custom fusion-alert-center wpcf7-response-output fusion-alert-capitalize awb-alert-native-link-color alert-dismissable awb-alert-close-boxed\" style=\"--awb-border-size:1px;--awb-border-top-left-radius:0px;--awb-border-top-right-radius:0px;--awb-border-bottom-left-radius:0px;--awb-border-bottom-right-radius:0px;\" role=\"alert\"><div class=\"fusion-alert-content-wrapper\"><span class=\"fusion-alert-content\"><\/span><\/div><button type=\"button\" class=\"close toggle-alert\" data-dismiss=\"alert\" aria-label=\"Close\">&times;<\/button><\/div>\n<\/form>\n<\/div>\n\n<\/div><div class=\"fusion-clearfix\"><\/div><\/div><\/div><\/div><\/div>\n<\/div><\/div>","protected":false},"excerpt":{"rendered":"<p>Get in Touch We\u2019d love to talk to you and  [&#8230;]<\/p>\n","protected":false},"author":1,"featured_media":0,"parent":0,"menu_order":0,"comment_status":"closed","ping_status":"closed","template":"100-width.php","meta":{"footnotes":""},"class_list":["post-1309","page","type-page","status-publish","hentry"],"yoast_head":"<!-- This site is optimized with the Yoast SEO plugin v27.5 - https:\/\/yoast.com\/product\/yoast-seo-wordpress\/ -->\n<title>Legal Advise - Home Staging - Valeur<\/title>\n<meta name=\"robots\" content=\"index, follow, max-snippet:-1, max-image-preview:large, max-video-preview:-1\" \/>\n<link rel=\"canonical\" href=\"https:\/\/valeurhomestaging.com\/en\/legal-advise\/\" \/>\n<meta property=\"og:locale\" content=\"en_US\" \/>\n<meta property=\"og:type\" content=\"article\" \/>\n<meta property=\"og:title\" content=\"Legal Advise - Home Staging - Valeur\" \/>\n<meta property=\"og:description\" content=\"Get in Touch We\u2019d love to talk to you and [...]\" \/>\n<meta property=\"og:url\" content=\"https:\/\/valeurhomestaging.com\/en\/legal-advise\/\" \/>\n<meta property=\"og:site_name\" content=\"Home Staging - Valeur\" \/>\n<meta property=\"article:modified_time\" content=\"2022-06-20T07:01:20+00:00\" \/>\n<meta name=\"twitter:card\" content=\"summary_large_image\" \/>\n<meta name=\"twitter:label1\" content=\"Est. reading time\" \/>\n\t<meta name=\"twitter:data1\" content=\"4 minutes\" \/>\n<script type=\"application\/ld+json\" class=\"yoast-schema-graph\">{\"@context\":\"https:\\\/\\\/schema.org\",\"@graph\":[{\"@type\":\"WebPage\",\"@id\":\"https:\\\/\\\/valeurhomestaging.com\\\/en\\\/legal-advise\\\/\",\"url\":\"https:\\\/\\\/valeurhomestaging.com\\\/en\\\/legal-advise\\\/\",\"name\":\"Legal Advise - Home Staging - Valeur\",\"isPartOf\":{\"@id\":\"https:\\\/\\\/valeurhomestaging.com\\\/en\\\/#website\"},\"datePublished\":\"2020-04-21T09:47:08+00:00\",\"dateModified\":\"2022-06-20T07:01:20+00:00\",\"breadcrumb\":{\"@id\":\"https:\\\/\\\/valeurhomestaging.com\\\/en\\\/legal-advise\\\/#breadcrumb\"},\"inLanguage\":\"en-US\",\"potentialAction\":[{\"@type\":\"ReadAction\",\"target\":[\"https:\\\/\\\/valeurhomestaging.com\\\/en\\\/legal-advise\\\/\"]}]},{\"@type\":\"BreadcrumbList\",\"@id\":\"https:\\\/\\\/valeurhomestaging.com\\\/en\\\/legal-advise\\\/#breadcrumb\",\"itemListElement\":[{\"@type\":\"ListItem\",\"position\":1,\"name\":\"Portada\",\"item\":\"https:\\\/\\\/valeurhomestaging.com\\\/en\\\/\"},{\"@type\":\"ListItem\",\"position\":2,\"name\":\"Legal Advise\"}]},{\"@type\":\"WebSite\",\"@id\":\"https:\\\/\\\/valeurhomestaging.com\\\/en\\\/#website\",\"url\":\"https:\\\/\\\/valeurhomestaging.com\\\/en\\\/\",\"name\":\"Home Staging - Valeur\",\"description\":\"\",\"publisher\":{\"@id\":\"https:\\\/\\\/valeurhomestaging.com\\\/en\\\/#organization\"},\"potentialAction\":[{\"@type\":\"SearchAction\",\"target\":{\"@type\":\"EntryPoint\",\"urlTemplate\":\"https:\\\/\\\/valeurhomestaging.com\\\/en\\\/?s={search_term_string}\"},\"query-input\":{\"@type\":\"PropertyValueSpecification\",\"valueRequired\":true,\"valueName\":\"search_term_string\"}}],\"inLanguage\":\"en-US\"},{\"@type\":\"Organization\",\"@id\":\"https:\\\/\\\/valeurhomestaging.com\\\/en\\\/#organization\",\"name\":\"Valeur Home Staging\",\"url\":\"https:\\\/\\\/valeurhomestaging.com\\\/en\\\/\",\"logo\":{\"@type\":\"ImageObject\",\"inLanguage\":\"en-US\",\"@id\":\"https:\\\/\\\/valeurhomestaging.com\\\/en\\\/#\\\/schema\\\/logo\\\/image\\\/\",\"url\":\"https:\\\/\\\/valeurhomestaging.com\\\/wp-content\\\/uploads\\\/2020\\\/04\\\/logo-valeur-188.png\",\"contentUrl\":\"https:\\\/\\\/valeurhomestaging.com\\\/wp-content\\\/uploads\\\/2020\\\/04\\\/logo-valeur-188.png\",\"width\":453,\"height\":188,\"caption\":\"Valeur Home Staging\"},\"image\":{\"@id\":\"https:\\\/\\\/valeurhomestaging.com\\\/en\\\/#\\\/schema\\\/logo\\\/image\\\/\"}}]}<\/script>\n<!-- \/ Yoast SEO plugin. -->","yoast_head_json":{"title":"Legal Advise - Home Staging - Valeur","robots":{"index":"index","follow":"follow","max-snippet":"max-snippet:-1","max-image-preview":"max-image-preview:large","max-video-preview":"max-video-preview:-1"},"canonical":"https:\/\/valeurhomestaging.com\/en\/legal-advise\/","og_locale":"en_US","og_type":"article","og_title":"Legal Advise - Home Staging - Valeur","og_description":"Get in Touch We\u2019d love to talk to you and [...]","og_url":"https:\/\/valeurhomestaging.com\/en\/legal-advise\/","og_site_name":"Home Staging - Valeur","article_modified_time":"2022-06-20T07:01:20+00:00","twitter_card":"summary_large_image","twitter_misc":{"Est. reading time":"4 minutes"},"schema":{"@context":"https:\/\/schema.org","@graph":[{"@type":"WebPage","@id":"https:\/\/valeurhomestaging.com\/en\/legal-advise\/","url":"https:\/\/valeurhomestaging.com\/en\/legal-advise\/","name":"Legal Advise - Home Staging - Valeur","isPartOf":{"@id":"https:\/\/valeurhomestaging.com\/en\/#website"},"datePublished":"2020-04-21T09:47:08+00:00","dateModified":"2022-06-20T07:01:20+00:00","breadcrumb":{"@id":"https:\/\/valeurhomestaging.com\/en\/legal-advise\/#breadcrumb"},"inLanguage":"en-US","potentialAction":[{"@type":"ReadAction","target":["https:\/\/valeurhomestaging.com\/en\/legal-advise\/"]}]},{"@type":"BreadcrumbList","@id":"https:\/\/valeurhomestaging.com\/en\/legal-advise\/#breadcrumb","itemListElement":[{"@type":"ListItem","position":1,"name":"Portada","item":"https:\/\/valeurhomestaging.com\/en\/"},{"@type":"ListItem","position":2,"name":"Legal Advise"}]},{"@type":"WebSite","@id":"https:\/\/valeurhomestaging.com\/en\/#website","url":"https:\/\/valeurhomestaging.com\/en\/","name":"Home Staging - Valeur","description":"","publisher":{"@id":"https:\/\/valeurhomestaging.com\/en\/#organization"},"potentialAction":[{"@type":"SearchAction","target":{"@type":"EntryPoint","urlTemplate":"https:\/\/valeurhomestaging.com\/en\/?s={search_term_string}"},"query-input":{"@type":"PropertyValueSpecification","valueRequired":true,"valueName":"search_term_string"}}],"inLanguage":"en-US"},{"@type":"Organization","@id":"https:\/\/valeurhomestaging.com\/en\/#organization","name":"Valeur Home Staging","url":"https:\/\/valeurhomestaging.com\/en\/","logo":{"@type":"ImageObject","inLanguage":"en-US","@id":"https:\/\/valeurhomestaging.com\/en\/#\/schema\/logo\/image\/","url":"https:\/\/valeurhomestaging.com\/wp-content\/uploads\/2020\/04\/logo-valeur-188.png","contentUrl":"https:\/\/valeurhomestaging.com\/wp-content\/uploads\/2020\/04\/logo-valeur-188.png","width":453,"height":188,"caption":"Valeur Home Staging"},"image":{"@id":"https:\/\/valeurhomestaging.com\/en\/#\/schema\/logo\/image\/"}}]}},"_links":{"self":[{"href":"https:\/\/valeurhomestaging.com\/en\/wp-json\/wp\/v2\/pages\/1309","targetHints":{"allow":["GET"]}}],"collection":[{"href":"https:\/\/valeurhomestaging.com\/en\/wp-json\/wp\/v2\/pages"}],"about":[{"href":"https:\/\/valeurhomestaging.com\/en\/wp-json\/wp\/v2\/types\/page"}],"author":[{"embeddable":true,"href":"https:\/\/valeurhomestaging.com\/en\/wp-json\/wp\/v2\/users\/1"}],"replies":[{"embeddable":true,"href":"https:\/\/valeurhomestaging.com\/en\/wp-json\/wp\/v2\/comments?post=1309"}],"version-history":[{"count":8,"href":"https:\/\/valeurhomestaging.com\/en\/wp-json\/wp\/v2\/pages\/1309\/revisions"}],"predecessor-version":[{"id":5382,"href":"https:\/\/valeurhomestaging.com\/en\/wp-json\/wp\/v2\/pages\/1309\/revisions\/5382"}],"wp:attachment":[{"href":"https:\/\/valeurhomestaging.com\/en\/wp-json\/wp\/v2\/media?parent=1309"}],"curies":[{"name":"wp","href":"https:\/\/api.w.org\/{rel}","templated":true}]}}