{"id":1312,"date":"2020-04-21T09:48:21","date_gmt":"2020-04-21T09:48:21","guid":{"rendered":"https:\/\/valeurhomestaging.com\/privacy-policy\/"},"modified":"2022-06-16T11:23:29","modified_gmt":"2022-06-16T11:23:29","slug":"privacy-policy","status":"publish","type":"page","link":"https:\/\/valeurhomestaging.com\/en\/privacy-policy\/","title":{"rendered":"Privacy policy"},"content":{"rendered":"<div class=\"fusion-fullwidth fullwidth-box fusion-builder-row-1 nonhundred-percent-fullwidth non-hundred-percent-height-scrolling\" style=\"--awb-border-radius-top-left:0px;--awb-border-radius-top-right:0px;--awb-border-radius-bottom-right:0px;--awb-border-radius-bottom-left:0px;--awb-margin-top:120px;--awb-margin-bottom:80px;--awb-flex-wrap:wrap;\" ><div class=\"fusion-builder-row fusion-row\"><div class=\"fusion-layout-column fusion_builder_column fusion-builder-column-0 fusion_builder_column_1_1 1_1 fusion-one-full fusion-column-first fusion-column-last\" style=\"--awb-bg-size:cover;--awb-margin-bottom:0px;\"><div class=\"fusion-column-wrapper fusion-flex-column-wrapper-legacy\"><div class=\"fusion-text fusion-text-1\"><h1>Privacy policy<\/h1>\n<p>La presente Pol\u00edtica de Privacidad establece los t\u00e9rminos en que PAULINE NATHALIE MOUTARDIER con\u00a0CIF : X6081176E usa y protege la informaci\u00f3n que es proporcionada por sus usuarios al momento de utilizar\u00a0su sitio web. Esta compa\u00f1\u00eda est\u00e1 comprometida con la seguridad de los datos de sus usuarios. Cuando le\u00a0pedimos llenar los campos de informaci\u00f3n personal con la cual usted pueda ser identificado, lo hacemos\u00a0asegurando que s\u00f3lo se emplear\u00e1 de acuerdo con los t\u00e9rminos de este documento. Sin embargo esta\u00a0Pol\u00edtica de Privacidad puede cambiar con el tiempo o ser actualizada por lo que le recomendamos y\u00a0enfatizamos revisar continuamente esta p\u00e1gina para asegurarse que est\u00e1 de acuerdo con dichos cambios.<\/p>\n<p><strong>RIGHTS OF USERS<\/strong><\/p>\n<p>Le informamos que podr\u00e1 ejercer los derechos de acceso, rectificaci\u00f3n, limitaci\u00f3n del tratamiento, oposici\u00f3n y\u00a0portabilidad con arreglo a lo previsto en Reglamento 2016\/679 del 27 de Abril de Protecci\u00f3n de Datos de\u00a0Car\u00e1cter Personal y la Ley Org\u00e1nica 3\/2018, de 5 de diciembre, de protecci\u00f3n de datos personales y garant\u00eda\u00a0de los derechos digitales (LOPDGDD 3\/2018) y siguiendo las Recomendaciones e Instrucciones emitidas por\u00a0la Agencia Espa\u00f1ola de Protecci\u00f3n de Datos (A.E.P.D), enviando un mail a info@valeurhomestaging.com, o\u00a0una carta junto con la fotocopia de su DNI, a la siguiente direcci\u00f3n: AVDA. RAFAEL NADAL, 7, PORTAL 3,\u00a01\u00baA &#8211; (Alcobendas) &#8211; [Madrid].<\/p>\n<p><strong>INFORMATION THAT IS COLLECTED<\/strong><\/p>\n<p>Nuestro sitio web podr\u00e1 recoger informaci\u00f3n personal por ejemplo: Nombre, informaci\u00f3n de contacto como\u00a0su direcci\u00f3n de correo electr\u00f3nica e informaci\u00f3n demogr\u00e1fica. As\u00ed mismo cuando sea necesario podr\u00e1\u00a0ser requerida informaci\u00f3n espec\u00edfica para procesar alg\u00fan pedido o realizar una entrega o facturaci\u00f3n.<\/p>\n<p><strong>USE OF INFORMATION COLLECTED<\/strong><\/p>\n<p>Nuestro sitio web emplea la informaci\u00f3n con el fin de proporcionar el mejor servicio posible, particularmente\u00a0para mantener un registro de usuarios, de pedidos en caso que aplique, y mejorar nuestros productos y\u00a0servicios. Es posible que sean enviados correos electr\u00f3nicos peri\u00f3dicamente a trav\u00e9s de nuestro sitio con\u00a0ofertas especiales, nuevos productos y otra informaci\u00f3n publicitaria que consideremos relevante para usted o\u00a0que pueda brindarle alg\u00fan beneficio, estos correos electr\u00f3nicos ser\u00e1n enviados a la direcci\u00f3n que usted\u00a0proporcione y podr\u00e1n ser cancelados en cualquier momento.<\/p>\n<p><strong>PAULINE NATHALIE MOUTARDIER<\/strong> est\u00e1 altamente comprometido para cumplir con el compromiso de\u00a0mantener su informaci\u00f3n segura. Usamos los sistemas m\u00e1s avanzados y los actualizamos constantemente\u00a0para asegurarnos que no exista ning\u00fan acceso no autorizado.<\/p>\n<p><b>COOKIES<\/b><\/p>\n<p>Una cookie se refiere a un fichero que es enviado con la finalidad de solicitar permiso para almacenarse en\u00a0su ordenador, al aceptar dicho fichero se crea y la cookie sirve entonces para tener informaci\u00f3n\u00a0respecto al tr\u00e1fico web, y tambi\u00e9n facilita las futuras visitas a una web recurrente. Otra funci\u00f3n que tienen las\u00a0cookies es que con ellas las web pueden reconocerte individualmente y por tanto brindarte el\u00a0mejor servicio personalizado de su web.<\/p>\n<p>El sitio web de <strong>PAULINE NATHALIE MOUTARDIER<\/strong> utiliza cookies para poder identificar las p\u00e1ginas que\u00a0son visitadas y su frecuencia. Esta informaci\u00f3n es empleada \u00fanicamente para an\u00e1lisis estad\u00edstico y\u00a0despu\u00e9s la informaci\u00f3n se elimina de forma permanente. Usted puede eliminar las cookies en cualquier\u00a0momento desde su ordenador. Sin embargo las cookies ayudan a proporcionar un mejor servicio de los sitios\u00a0web, est\u00e1s no dan acceso a informaci\u00f3n de su ordenador ni de usted, a menos de que usted as\u00ed lo quiera y\u00a0la proporcione directamente, visitas a una web. Usted puede aceptar o negar el uso de cookies, sin embargo\u00a0la mayor\u00eda de navegadores aceptan cookies autom\u00e1ticamente pues sirve para tener un mejor servicio web.\u00a0Tambi\u00e9n usted puede cambiar la configuraci\u00f3n de su ordenador para declinar las cookies. Si se declinan es\u00a0posible que no pueda utilizar algunos de nuestros servicios.<\/p>\n<p><b>LINKS TO THIRD PARTIES AND SOCIAL NETWORKS<\/b><\/p>\n<p>Este sitio web pudiera contener enlaces a otros sitios que pudieran ser de su inter\u00e9s. Una vez que usted de\u00a0clic en estos enlaces y abandone nuestra p\u00e1gina, ya no tenemos control sobre al sitio al que es redirigido y\u00a0por lo tanto no somos responsables de los t\u00e9rminos o privacidad ni de la protecci\u00f3n de sus datos en esos\u00a0otros sitios terceros. Dichos sitios est\u00e1n sujetos a sus propias pol\u00edticas de privacidad por lo cual\u00a0es recomendable que los consulte para confirmar que usted est\u00e1 de acuerdo con estas.<\/p>\n<p><b>CONTROL OF YOUR PERSONAL INFORMATION<\/b><\/p>\n<p>En cualquier momento usted puede restringir la recopilaci\u00f3n o el uso de la informaci\u00f3n personal que es\u00a0proporcionada a nuestro sitio web. Cada vez que se le solicite rellenar un formulario, como el de alta de\u00a0usuario, puede marcar o desmarcar la opci\u00f3n de recibir informaci\u00f3n por correo electr\u00f3nico. En caso de que\u00a0haya marcado la opci\u00f3n de recibir nuestro bolet\u00edn o publicidad usted puede cancelarla en cualquier momento.\u00a0Esta compa\u00f1\u00eda no vender\u00e1, ceder\u00e1 ni distribuir\u00e1 la informaci\u00f3n personal que es recopilada sin\u00a0su consentimiento, salvo que sea requerido por un juez con un orden judicial.<\/p>\n<p><strong>PAULINE NATHALIE MOUTARDIER<\/strong> se reserva el derecho de cambiar los t\u00e9rminos de la presente Pol\u00edtica\u00a0de Privacidad en cualquier momento.<\/p>\n<\/div><div class=\"fusion-clearfix\"><\/div><\/div><\/div><\/div><\/div>\n<div class=\"valeur-second-footer\"><div data-post-id=\"935\" class=\"insert-page insert-page-935 \"><div class=\"fusion-fullwidth fullwidth-box fusion-builder-row-2 hundred-percent-fullwidth non-hundred-percent-height-scrolling fusion-equal-height-columns\" style=\"--awb-border-radius-top-left:0px;--awb-border-radius-top-right:0px;--awb-border-radius-bottom-right:0px;--awb-border-radius-bottom-left:0px;--awb-padding-right:0px;--awb-padding-left:0px;--awb-margin-top:0px;--awb-margin-bottom:0px;--awb-flex-wrap:wrap;\" ><div class=\"fusion-builder-row fusion-row\"><div class=\"fusion-layout-column fusion_builder_column fusion-builder-column-1 fusion_builder_column_1_2 1_2 fusion-one-half fusion-column-first\" style=\"--awb-padding-top:120px;--awb-padding-bottom:50px;--awb-bg-color:#00a4b1;--awb-bg-color-hover:#00a4b1;--awb-bg-size:cover;--awb-margin-bottom:0px;\"><div class=\"fusion-column-wrapper fusion-column-has-shadow fusion-flex-column-wrapper-legacy\"><div class=\"fusion-text fusion-text-2 valeur-margin-section\"><h1 style=\"text-align: center;\"><span style=\"color: #ffffff;\">Get in <\/span><br \/>\n<span class=\"valeur-dancing-h1\" style=\"color: #ffffff;\">Touch<\/span><\/h1>\n<\/div><div class=\"fusion-sep-clear\"><\/div><div class=\"fusion-separator fusion-full-width-sep\" style=\"margin-left: auto;margin-right: auto;margin-top:20px;width:100%;\"><\/div><div class=\"fusion-sep-clear\"><\/div><div class=\"fusion-text fusion-text-3 valeur-margin-contact\"><p style=\"text-align: left;\"><span style=\"color: #ffffff;\">We\u2019d love to talk to you and see how we can help prepare your property for greater things.<\/span><\/p>\n<\/div><div class=\"fusion-sep-clear\"><\/div><div class=\"fusion-separator fusion-full-width-sep\" style=\"margin-left: auto;margin-right: auto;margin-top:20px;width:100%;\"><\/div><div class=\"fusion-sep-clear\"><\/div><div class=\"fusion-text fusion-text-4 valeur-legal-advise valeur-margin-contact\"><p><strong>Informaci\u00f3n b\u00e1sica sobre protecci\u00f3n de datos.<\/strong> Responsable: Valeur Home Staging. Finalidad: Gestionar el env\u00edo de informaci\u00f3n y prospecci\u00f3n comercial y dar acceso a los productos online. Legitimaci\u00f3n: Consentimiento del interesado. Destinatarios: Empresas proveedoras nacionales y encargados de tratamiento acogidos a privacy shield. Derechos: Acceder, rectificar y suprimir los datos, as\u00ed como otros derechos como se explica en la informaci\u00f3n adicional. Informaci\u00f3n adicional:\u00a0Puedes consultar la informaci\u00f3n adicional y detallada sobre protecci\u00f3n de datos\u00a0<a href=\"https:\/\/valeurhomestaging.com\/en\/privacy-policy\/\" target=\"_blank\" rel=\"noopener noreferrer\" data-saferedirecturl=\"https:\/\/www.google.com\/url?q=http:\/\/annagarcia.net\/consentimiento-web\/&amp;source=gmail&amp;ust=1586869246909000&amp;usg=AFQjCNHrth1FUQTpi671ZRHjiKZeDP83PA\">en este enlace<\/a><\/p>\n<\/div><div class=\"fusion-clearfix\"><\/div><\/div><\/div><div class=\"fusion-layout-column fusion_builder_column fusion-builder-column-2 fusion_builder_column_1_2 1_2 fusion-one-half fusion-column-last valeur-contact-form\" style=\"--awb-padding-top:120px;--awb-padding-bottom:30px;--awb-bg-color:#90c9c4;--awb-bg-color-hover:#90c9c4;--awb-bg-size:cover;--awb-margin-bottom:0px;\"><div class=\"fusion-column-wrapper fusion-column-has-shadow fusion-flex-column-wrapper-legacy\"><div class=\"fusion-text fusion-text-5 valeur-margin-contact\">\n<div class=\"wpcf7 no-js\" id=\"wpcf7-f1443-p1455-o1\" lang=\"en-US\" dir=\"ltr\" data-wpcf7-id=\"1443\">\n<div class=\"screen-reader-response\"><p role=\"status\" aria-live=\"polite\" aria-atomic=\"true\"><\/p> <ul><\/ul><\/div>\n<form action=\"\/en\/wp-json\/wp\/v2\/pages\/1312#wpcf7-f1443-p1455-o1\" method=\"post\" class=\"wpcf7-form init wpcf7-acceptance-as-validation\" aria-label=\"Contact form\" novalidate=\"novalidate\" data-status=\"init\">\n<fieldset class=\"hidden-fields-container\"><input type=\"hidden\" name=\"_wpcf7\" value=\"1443\" \/><input type=\"hidden\" name=\"_wpcf7_version\" value=\"6.1.5\" \/><input type=\"hidden\" name=\"_wpcf7_locale\" value=\"en_US\" \/><input type=\"hidden\" name=\"_wpcf7_unit_tag\" value=\"wpcf7-f1443-p1455-o1\" \/><input type=\"hidden\" name=\"_wpcf7_container_post\" value=\"1455\" \/><input type=\"hidden\" name=\"_wpcf7_posted_data_hash\" value=\"\" \/>\n<\/fieldset>\n<div class=\"valeur-contact-wrapper\">\n\t<div class=\"valeur-contact-label\">\n\t\t<p>Name <span class=\"valeur-asterisk\">*<\/span>\n\t\t<\/p>\n\t<\/div>\n\t<div class=\"valeur-contact-field\">\n\t\t<p><span class=\"wpcf7-form-control-wrap\" data-name=\"your-name\"><input size=\"40\" maxlength=\"400\" class=\"wpcf7-form-control wpcf7-text wpcf7-validates-as-required\" aria-required=\"true\" aria-invalid=\"false\" value=\"\" type=\"text\" name=\"your-name\" \/><\/span>\n\t\t<\/p>\n\t<\/div>\n<\/div>\n<div class=\"valeur-contact-wrapper\">\n\t<div class=\"valeur-contact-label\">\n\t\t<p>Email <span class=\"valeur-asterisk\">*<\/span>\n\t\t<\/p>\n\t<\/div>\n\t<div class=\"valeur-contact-field\">\n\t\t<p><span class=\"wpcf7-form-control-wrap\" data-name=\"your-email\"><input size=\"40\" maxlength=\"400\" class=\"wpcf7-form-control wpcf7-email wpcf7-validates-as-required wpcf7-text wpcf7-validates-as-email\" aria-required=\"true\" aria-invalid=\"false\" value=\"\" type=\"email\" name=\"your-email\" \/><\/span>\n\t\t<\/p>\n\t<\/div>\n<\/div>\n<div class=\"valeur-contact-wrapper\">\n\t<div class=\"valeur-contact-label\">\n\t\t<p>Phone\n\t\t<\/p>\n\t<\/div>\n\t<div class=\"valeur-contact-field\">\n\t\t<p><span class=\"wpcf7-form-control-wrap\" data-name=\"your-tel\"><input size=\"40\" maxlength=\"400\" class=\"wpcf7-form-control wpcf7-tel wpcf7-text wpcf7-validates-as-tel\" aria-invalid=\"false\" value=\"\" type=\"tel\" name=\"your-tel\" \/><\/span>\n\t\t<\/p>\n\t<\/div>\n<\/div>\n<div class=\"valeur-contact-wrapper\">\n\t<div class=\"valeur-contact-label\">\n\t\t<p>Message <span class=\"valeur-asterisk\">*<\/span>\n\t\t<\/p>\n\t<\/div>\n\t<div class=\"valeur-contact-field\">\n\t\t<p><span class=\"wpcf7-form-control-wrap\" data-name=\"your-message\"><textarea cols=\"40\" rows=\"10\" maxlength=\"2000\" class=\"wpcf7-form-control wpcf7-textarea wpcf7-validates-as-required\" aria-required=\"true\" aria-invalid=\"false\" name=\"your-message\"><\/textarea><\/span>\n\t\t<\/p>\n\t<\/div>\n<\/div>\n<div class=\"valeur-acceptance-text\">\n\t<p><span class=\"wpcf7-form-control-wrap\" data-name=\"acceptance-100\"><span class=\"wpcf7-form-control wpcf7-acceptance\"><span class=\"wpcf7-list-item\"><label><input type=\"checkbox\" name=\"acceptance-100\" value=\"1\" aria-invalid=\"false\" \/><span class=\"wpcf7-list-item-label\">I have read and accept the <a href=\"https:\/\/valeurhomestaging.com\/en\/privacy-policy\/\">privacy policy<\/a><\/span><\/label><\/span><\/span><\/span>\n\t<\/p>\n<\/div>\n<div style=\"text-align:center\">\n\t<p><input class=\"wpcf7-form-control wpcf7-submit has-spinner\" type=\"submit\" value=\"Send\" \/>\n\t<\/p>\n<\/div><div class=\"fusion-alert alert custom alert-custom fusion-alert-center wpcf7-response-output fusion-alert-capitalize awb-alert-native-link-color alert-dismissable awb-alert-close-boxed\" style=\"--awb-border-size:1px;--awb-border-top-left-radius:0px;--awb-border-top-right-radius:0px;--awb-border-bottom-left-radius:0px;--awb-border-bottom-right-radius:0px;\" role=\"alert\"><div class=\"fusion-alert-content-wrapper\"><span class=\"fusion-alert-content\"><\/span><\/div><button type=\"button\" class=\"close toggle-alert\" data-dismiss=\"alert\" aria-label=\"Close\">&times;<\/button><\/div>\n<\/form>\n<\/div>\n\n<\/div><div class=\"fusion-clearfix\"><\/div><\/div><\/div><\/div><\/div>\n<\/div><\/div>","protected":false},"excerpt":{"rendered":"<p>Get in Touch We\u2019d love to talk to you and  [&#8230;]<\/p>\n","protected":false},"author":1,"featured_media":0,"parent":0,"menu_order":0,"comment_status":"closed","ping_status":"open","template":"100-width.php","meta":{"footnotes":""},"class_list":["post-1312","page","type-page","status-publish","hentry"],"yoast_head":"<!-- This site is optimized with the Yoast SEO plugin v27.2 - https:\/\/yoast.com\/product\/yoast-seo-wordpress\/ -->\n<title>Privacy policy - Home Staging - Valeur<\/title>\n<meta name=\"robots\" content=\"index, follow, max-snippet:-1, max-image-preview:large, max-video-preview:-1\" \/>\n<link rel=\"canonical\" href=\"https:\/\/valeurhomestaging.com\/en\/privacy-policy\/\" \/>\n<meta property=\"og:locale\" content=\"en_US\" \/>\n<meta property=\"og:type\" content=\"article\" \/>\n<meta property=\"og:title\" content=\"Privacy policy - Home Staging - Valeur\" \/>\n<meta property=\"og:description\" content=\"Get in Touch We\u2019d love to talk to you and [...]\" \/>\n<meta property=\"og:url\" content=\"https:\/\/valeurhomestaging.com\/en\/privacy-policy\/\" \/>\n<meta property=\"og:site_name\" content=\"Home Staging - Valeur\" \/>\n<meta property=\"article:modified_time\" content=\"2022-06-16T11:23:29+00:00\" \/>\n<meta name=\"twitter:card\" content=\"summary_large_image\" \/>\n<meta name=\"twitter:label1\" content=\"Est. reading time\" \/>\n\t<meta name=\"twitter:data1\" content=\"6 minutes\" \/>\n<script type=\"application\/ld+json\" class=\"yoast-schema-graph\">{\"@context\":\"https:\/\/schema.org\",\"@graph\":[{\"@type\":\"WebPage\",\"@id\":\"https:\/\/valeurhomestaging.com\/en\/privacy-policy\/\",\"url\":\"https:\/\/valeurhomestaging.com\/en\/privacy-policy\/\",\"name\":\"Privacy policy - Home Staging - Valeur\",\"isPartOf\":{\"@id\":\"https:\/\/valeurhomestaging.com\/en\/#website\"},\"datePublished\":\"2020-04-21T09:48:21+00:00\",\"dateModified\":\"2022-06-16T11:23:29+00:00\",\"breadcrumb\":{\"@id\":\"https:\/\/valeurhomestaging.com\/en\/privacy-policy\/#breadcrumb\"},\"inLanguage\":\"en-US\",\"potentialAction\":[{\"@type\":\"ReadAction\",\"target\":[\"https:\/\/valeurhomestaging.com\/en\/privacy-policy\/\"]}]},{\"@type\":\"BreadcrumbList\",\"@id\":\"https:\/\/valeurhomestaging.com\/en\/privacy-policy\/#breadcrumb\",\"itemListElement\":[{\"@type\":\"ListItem\",\"position\":1,\"name\":\"Portada\",\"item\":\"https:\/\/valeurhomestaging.com\/en\/\"},{\"@type\":\"ListItem\",\"position\":2,\"name\":\"Privacy policy\"}]},{\"@type\":\"WebSite\",\"@id\":\"https:\/\/valeurhomestaging.com\/en\/#website\",\"url\":\"https:\/\/valeurhomestaging.com\/en\/\",\"name\":\"Home Staging - Valeur\",\"description\":\"\",\"publisher\":{\"@id\":\"https:\/\/valeurhomestaging.com\/en\/#organization\"},\"potentialAction\":[{\"@type\":\"SearchAction\",\"target\":{\"@type\":\"EntryPoint\",\"urlTemplate\":\"https:\/\/valeurhomestaging.com\/en\/?s={search_term_string}\"},\"query-input\":{\"@type\":\"PropertyValueSpecification\",\"valueRequired\":true,\"valueName\":\"search_term_string\"}}],\"inLanguage\":\"en-US\"},{\"@type\":\"Organization\",\"@id\":\"https:\/\/valeurhomestaging.com\/en\/#organization\",\"name\":\"Valeur Home Staging\",\"url\":\"https:\/\/valeurhomestaging.com\/en\/\",\"logo\":{\"@type\":\"ImageObject\",\"inLanguage\":\"en-US\",\"@id\":\"https:\/\/valeurhomestaging.com\/en\/#\/schema\/logo\/image\/\",\"url\":\"https:\/\/valeurhomestaging.com\/wp-content\/uploads\/2020\/04\/logo-valeur-188.png\",\"contentUrl\":\"https:\/\/valeurhomestaging.com\/wp-content\/uploads\/2020\/04\/logo-valeur-188.png\",\"width\":453,\"height\":188,\"caption\":\"Valeur Home Staging\"},\"image\":{\"@id\":\"https:\/\/valeurhomestaging.com\/en\/#\/schema\/logo\/image\/\"}}]}<\/script>\n<!-- \/ Yoast SEO plugin. -->","yoast_head_json":{"title":"Privacy policy - Home Staging - Valeur","robots":{"index":"index","follow":"follow","max-snippet":"max-snippet:-1","max-image-preview":"max-image-preview:large","max-video-preview":"max-video-preview:-1"},"canonical":"https:\/\/valeurhomestaging.com\/en\/privacy-policy\/","og_locale":"en_US","og_type":"article","og_title":"Privacy policy - Home Staging - Valeur","og_description":"Get in Touch We\u2019d love to talk to you and [...]","og_url":"https:\/\/valeurhomestaging.com\/en\/privacy-policy\/","og_site_name":"Home Staging - Valeur","article_modified_time":"2022-06-16T11:23:29+00:00","twitter_card":"summary_large_image","twitter_misc":{"Est. reading time":"6 minutes"},"schema":{"@context":"https:\/\/schema.org","@graph":[{"@type":"WebPage","@id":"https:\/\/valeurhomestaging.com\/en\/privacy-policy\/","url":"https:\/\/valeurhomestaging.com\/en\/privacy-policy\/","name":"Privacy policy - Home Staging - Valeur","isPartOf":{"@id":"https:\/\/valeurhomestaging.com\/en\/#website"},"datePublished":"2020-04-21T09:48:21+00:00","dateModified":"2022-06-16T11:23:29+00:00","breadcrumb":{"@id":"https:\/\/valeurhomestaging.com\/en\/privacy-policy\/#breadcrumb"},"inLanguage":"en-US","potentialAction":[{"@type":"ReadAction","target":["https:\/\/valeurhomestaging.com\/en\/privacy-policy\/"]}]},{"@type":"BreadcrumbList","@id":"https:\/\/valeurhomestaging.com\/en\/privacy-policy\/#breadcrumb","itemListElement":[{"@type":"ListItem","position":1,"name":"Portada","item":"https:\/\/valeurhomestaging.com\/en\/"},{"@type":"ListItem","position":2,"name":"Privacy policy"}]},{"@type":"WebSite","@id":"https:\/\/valeurhomestaging.com\/en\/#website","url":"https:\/\/valeurhomestaging.com\/en\/","name":"Home Staging - Valeur","description":"","publisher":{"@id":"https:\/\/valeurhomestaging.com\/en\/#organization"},"potentialAction":[{"@type":"SearchAction","target":{"@type":"EntryPoint","urlTemplate":"https:\/\/valeurhomestaging.com\/en\/?s={search_term_string}"},"query-input":{"@type":"PropertyValueSpecification","valueRequired":true,"valueName":"search_term_string"}}],"inLanguage":"en-US"},{"@type":"Organization","@id":"https:\/\/valeurhomestaging.com\/en\/#organization","name":"Valeur Home Staging","url":"https:\/\/valeurhomestaging.com\/en\/","logo":{"@type":"ImageObject","inLanguage":"en-US","@id":"https:\/\/valeurhomestaging.com\/en\/#\/schema\/logo\/image\/","url":"https:\/\/valeurhomestaging.com\/wp-content\/uploads\/2020\/04\/logo-valeur-188.png","contentUrl":"https:\/\/valeurhomestaging.com\/wp-content\/uploads\/2020\/04\/logo-valeur-188.png","width":453,"height":188,"caption":"Valeur Home Staging"},"image":{"@id":"https:\/\/valeurhomestaging.com\/en\/#\/schema\/logo\/image\/"}}]}},"_links":{"self":[{"href":"https:\/\/valeurhomestaging.com\/en\/wp-json\/wp\/v2\/pages\/1312","targetHints":{"allow":["GET"]}}],"collection":[{"href":"https:\/\/valeurhomestaging.com\/en\/wp-json\/wp\/v2\/pages"}],"about":[{"href":"https:\/\/valeurhomestaging.com\/en\/wp-json\/wp\/v2\/types\/page"}],"author":[{"embeddable":true,"href":"https:\/\/valeurhomestaging.com\/en\/wp-json\/wp\/v2\/users\/1"}],"replies":[{"embeddable":true,"href":"https:\/\/valeurhomestaging.com\/en\/wp-json\/wp\/v2\/comments?post=1312"}],"version-history":[{"count":5,"href":"https:\/\/valeurhomestaging.com\/en\/wp-json\/wp\/v2\/pages\/1312\/revisions"}],"predecessor-version":[{"id":5362,"href":"https:\/\/valeurhomestaging.com\/en\/wp-json\/wp\/v2\/pages\/1312\/revisions\/5362"}],"wp:attachment":[{"href":"https:\/\/valeurhomestaging.com\/en\/wp-json\/wp\/v2\/media?parent=1312"}],"curies":[{"name":"wp","href":"https:\/\/api.w.org\/{rel}","templated":true}]}}