{"id":1459,"date":"2020-04-22T11:31:59","date_gmt":"2020-04-22T11:31:59","guid":{"rendered":"https:\/\/valeurhomestaging.com\/about-me\/"},"modified":"2024-09-11T09:38:05","modified_gmt":"2024-09-11T09:38:05","slug":"about","status":"publish","type":"page","link":"https:\/\/valeurhomestaging.com\/en\/about\/","title":{"rendered":"About"},"content":{"rendered":"<p><div class=\"fusion-fullwidth fullwidth-box fusion-builder-row-1 hundred-percent-fullwidth non-hundred-percent-height-scrolling fusion-equal-height-columns valeur-mobile-direction\" style=\"--awb-background-position:left top;--awb-border-sizes-top:0px;--awb-border-sizes-bottom:0px;--awb-border-sizes-left:0px;--awb-border-sizes-right:0px;--awb-border-radius-top-left:0px;--awb-border-radius-top-right:0px;--awb-border-radius-bottom-right:0px;--awb-border-radius-bottom-left:0px;--awb-padding-top:150px;--awb-padding-bottom:150px;--awb-flex-wrap:wrap;\" ><div class=\"fusion-builder-row fusion-row\"><div class=\"fusion-layout-column fusion_builder_column fusion-builder-column-0 fusion_builder_column_1_2 1_2 fusion-one-half fusion-column-first valeur-center-padding valeur-second-in-mobile\" style=\"--awb-bg-position:center center;--awb-bg-size:cover;--awb-margin-bottom:0px;width:50%;width:calc(50% - ( ( 4% ) * 0.5 ) );margin-right: 4%;\" data-scroll-devices=\"small-visibility,medium-visibility,large-visibility\"><div class=\"fusion-column-wrapper fusion-column-has-shadow fusion-flex-column-wrapper-legacy\"><div class=\"fusion-column-content-centered\"><div class=\"fusion-column-content\"><div class=\"fusion-image-element fusion-image-align-center in-legacy-container\" style=\"text-align:center;--awb-caption-title-font-family:var(--h2_typography-font-family);--awb-caption-title-font-weight:var(--h2_typography-font-weight);--awb-caption-title-font-style:var(--h2_typography-font-style);--awb-caption-title-size:var(--h2_typography-font-size);--awb-caption-title-transform:var(--h2_typography-text-transform);--awb-caption-title-line-height:var(--h2_typography-line-height);--awb-caption-title-letter-spacing:var(--h2_typography-letter-spacing);\"><div class=\"imageframe-align-center\"><span class=\" fusion-imageframe imageframe-none imageframe-1 hover-type-zoomin\"><img decoding=\"async\" width=\"848\" height=\"1091\" title=\"IMG_6598_1\" src=\"https:\/\/valeurhomestaging.com\/wp-content\/uploads\/2021\/09\/IMG_6598_1.jpg\" alt class=\"img-responsive wp-image-3749\" srcset=\"https:\/\/valeurhomestaging.com\/wp-content\/uploads\/2021\/09\/IMG_6598_1-200x257.jpg 200w, https:\/\/valeurhomestaging.com\/wp-content\/uploads\/2021\/09\/IMG_6598_1-400x515.jpg 400w, https:\/\/valeurhomestaging.com\/wp-content\/uploads\/2021\/09\/IMG_6598_1-600x772.jpg 600w, https:\/\/valeurhomestaging.com\/wp-content\/uploads\/2021\/09\/IMG_6598_1-800x1029.jpg 800w, https:\/\/valeurhomestaging.com\/wp-content\/uploads\/2021\/09\/IMG_6598_1.jpg 848w\" sizes=\"(max-width: 1000px) 100vw, 600px\" \/><\/span><\/div><\/div><\/div><\/div><div class=\"fusion-clearfix\"><\/div><\/div><\/div><div class=\"fusion-layout-column fusion_builder_column fusion-builder-column-1 fusion_builder_column_1_2 1_2 fusion-one-half fusion-column-last valeur-center-padding \" style=\"--awb-padding-top:30px;--awb-padding-bottom:30px;--awb-bg-size:cover;--awb-margin-bottom:0px;width:50%;width:calc(50% - ( ( 4% ) * 0.5 ) );\" data-scroll-devices=\"small-visibility,medium-visibility,large-visibility\"><div class=\"fusion-column-wrapper fusion-column-has-shadow fusion-flex-column-wrapper-legacy\"><div class=\"fusion-column-content-centered\"><div class=\"fusion-column-content\"><div class=\"fusion-text fusion-text-1\"><p>Welcome to Valeur Home Staging, your partner in creating spaces that captivate and sell.<\/p>\n<p>Originally from France and now based in Madrid, our founder, Pauline Moutardier, has built her career through various international experiences in the corporate world. This journey not only provided her with a global perspective but also equipped her with the tools needed to approach our current project with a balanced mix of creativity and pragmatism.<\/p>\n<p>As a certified Home Stager, our founder leads a dedicated, multidisciplinary team. We specialize in helping investors, developers, and real estate professionals maximize the appeal of the properties in their portfolios, achieving exceptional results in record time.<\/p>\n<p>We have successfully completed numerous projects for leading agencies such as Remax, Keller Williams, Impact Homes, and Clikalia, among others.<\/p>\n<p>In addition to staging, we offer another flagship service: comprehensive project management for furnishing and decorating properties for clients who are not residents of Madrid, including executives and expatriate families. We have extensive experience working with international clients used to the highest standards and demanding deadlines. We specialize in ensuring that our clients&#8217; relocations are as smooth as possible, guaranteeing that they find their new home ready to enjoy from the very first moment.<\/p>\n<p>Thank you for visiting our website. At Valeur Home Staging, whether you are a real estate professional looking to optimize your investments or have a client relocating to Madrid, we are ready to transform your spaces and help you stand out to your clients. We invite you to discover how we can achieve this together!<\/p>\n<\/div><\/div><\/div><div class=\"fusion-clearfix\"><\/div><\/div><\/div><\/div><\/div><div class=\"fusion-fullwidth fullwidth-box fusion-builder-row-2 hundred-percent-fullwidth non-hundred-percent-height-scrolling fusion-equal-height-columns\" style=\"--awb-background-position:left top;--awb-border-sizes-top:0px;--awb-border-sizes-bottom:0px;--awb-border-sizes-left:0px;--awb-border-sizes-right:0px;--awb-border-radius-top-left:0px;--awb-border-radius-top-right:0px;--awb-border-radius-bottom-right:0px;--awb-border-radius-bottom-left:0px;--awb-padding-top:150px;--awb-padding-bottom:150px;--awb-background-color:#eaf2ee;--awb-flex-wrap:wrap;\" ><div class=\"fusion-builder-row fusion-row\"><div class=\"fusion-layout-column fusion_builder_column fusion-builder-column-2 fusion_builder_column_1_1 1_1 fusion-one-full fusion-column-first fusion-column-last fusion-column-no-min-height valeur-center-padding\" style=\"--awb-padding-top:30px;--awb-padding-bottom:0px;--awb-bg-size:cover;--awb-margin-bottom:0px;\"><div class=\"fusion-column-wrapper fusion-column-has-shadow fusion-flex-column-wrapper-legacy\"><div class=\"fusion-column-content-centered\"><div class=\"fusion-column-content\"><div class=\"fusion-text fusion-text-2 valeur-circle-title valeur-circle-title-3\"><h1 style=\"text-align: center;\"><span class=\"valeur-dancing-h1\">Why choose Us?<\/span><\/h1>\n<\/div><div class=\"fusion-sep-clear\"><\/div><div class=\"fusion-separator fusion-full-width-sep\" style=\"margin-left: auto;margin-right: auto;margin-top:40px;width:100%;\"><\/div><div class=\"fusion-sep-clear\"><\/div><\/div><\/div><div class=\"fusion-clearfix\"><\/div><\/div><\/div><div class=\"fusion-layout-column fusion_builder_column fusion-builder-column-3 fusion_builder_column_1_1 1_1 fusion-one-full fusion-column-first fusion-column-last valeur-center-padding\" style=\"--awb-padding-top:0px;--awb-padding-bottom:30px;--awb-bg-size:cover;--awb-margin-bottom:0px;\"><div class=\"fusion-column-wrapper fusion-column-has-shadow fusion-flex-column-wrapper-legacy\"><div class=\"fusion-column-content-centered\"><div class=\"fusion-column-content\"><div class=\"fusion-sep-clear\"><\/div><div class=\"fusion-separator fusion-full-width-sep\" style=\"margin-left: auto;margin-right: auto;margin-top:40px;width:100%;\"><\/div><div class=\"fusion-sep-clear\"><\/div><div class=\"fusion-text fusion-text-3 valeur-bullets\" style=\"--awb-margin-top:0px;\"><p>Our goal is to deliver exceptional work that creates value for our client.<\/p>\n<p><strong>OUR COMMITMENTS ARE SIMPLE<\/strong><\/p>\n<\/div><div class=\"fusion-builder-row fusion-builder-row-inner fusion-row\"><div class=\"fusion-layout-column fusion_builder_column_inner fusion-builder-nested-column-0 fusion_builder_column_inner_1_2 1_2 fusion-one-half fusion-column-first\" style=\"--awb-bg-size:cover;width:50%;width:calc(50% - ( ( 4% ) * 0.5 ) );margin-right: 4%;\"><div class=\"fusion-column-wrapper fusion-column-has-shadow fusion-flex-column-wrapper-legacy\"><div class=\"fusion-text fusion-text-4 valeur-bullets\"><ul>\n<li><strong>Professionalism and Experience:<\/strong>\u00a0We have trained at the Home Staging School and have since successfully completed numerous projects for leading RE companies such as Remax, Century 21, Keller Williams, Impact Homes, and Clikalia, among others. We are grateful for their continued trust and ongoing partnerships.<\/li>\n<li><strong>Transparent Process and High Standards:<\/strong>\u00a0We have established standards and processes to ensure that your experience with us is as smooth and transparent as possible. Our goal is to simplify the entire process for you, from the initial consultation to the final details, so that as a real estate professional, you can shine in front of your client.<\/li>\n<\/ul>\n<\/div><div class=\"fusion-clearfix\"><\/div><\/div><\/div><div class=\"fusion-layout-column fusion_builder_column_inner fusion-builder-nested-column-1 fusion_builder_column_inner_1_2 1_2 fusion-one-half fusion-column-last\" style=\"--awb-bg-size:cover;width:50%;width:calc(50% - ( ( 4% ) * 0.5 ) );\"><div class=\"fusion-column-wrapper fusion-column-has-shadow fusion-flex-column-wrapper-legacy\"><div class=\"fusion-text fusion-text-5 valeur-bullets\"><ul>\n<li><strong>Experience in Demanding Environments:<\/strong>\u00a0We have extensive experience working with clients used to the highest standards. We understand their expectations and know how to provide a service that meets those standards, always adhering to strict deadlines and defined budgets.<\/li>\n<li><strong>Creativity:<\/strong>\u00a0We stay up-to-date with the latest trends to offer creative solutions tailored to our clients\u2019 needs. We ensure that every aspect of your project is managed effectively and with quality.<\/li>\n<\/ul>\n<\/div><div class=\"fusion-clearfix\"><\/div><\/div><\/div><\/div><\/div><\/div><div class=\"fusion-clearfix\"><\/div><\/div><\/div><\/div><\/div><\/p>\n<div class=\"valeur-second-footer\"><div data-post-id=\"935\" class=\"insert-page insert-page-935 \"><div class=\"fusion-fullwidth fullwidth-box fusion-builder-row-3 hundred-percent-fullwidth non-hundred-percent-height-scrolling fusion-equal-height-columns\" style=\"--awb-border-radius-top-left:0px;--awb-border-radius-top-right:0px;--awb-border-radius-bottom-right:0px;--awb-border-radius-bottom-left:0px;--awb-padding-right:0px;--awb-padding-left:0px;--awb-margin-top:0px;--awb-margin-bottom:0px;--awb-flex-wrap:wrap;\" ><div class=\"fusion-builder-row fusion-row\"><div class=\"fusion-layout-column fusion_builder_column fusion-builder-column-4 fusion_builder_column_1_2 1_2 fusion-one-half fusion-column-first\" style=\"--awb-padding-top:120px;--awb-padding-bottom:50px;--awb-bg-color:#00a4b1;--awb-bg-color-hover:#00a4b1;--awb-bg-size:cover;--awb-margin-bottom:0px;\"><div class=\"fusion-column-wrapper fusion-column-has-shadow fusion-flex-column-wrapper-legacy\"><div class=\"fusion-text fusion-text-6 valeur-margin-section\"><h1 style=\"text-align: center;\"><span style=\"color: #ffffff;\">Get in <\/span><br \/>\n<span class=\"valeur-dancing-h1\" style=\"color: #ffffff;\">Touch<\/span><\/h1>\n<\/div><div class=\"fusion-sep-clear\"><\/div><div class=\"fusion-separator fusion-full-width-sep\" style=\"margin-left: auto;margin-right: auto;margin-top:20px;width:100%;\"><\/div><div class=\"fusion-sep-clear\"><\/div><div class=\"fusion-text fusion-text-7 valeur-margin-contact\"><p style=\"text-align: left;\"><span style=\"color: #ffffff;\">We\u2019d love to talk to you and see how we can help prepare your property for greater things.<\/span><\/p>\n<\/div><div class=\"fusion-sep-clear\"><\/div><div class=\"fusion-separator fusion-full-width-sep\" style=\"margin-left: auto;margin-right: auto;margin-top:20px;width:100%;\"><\/div><div class=\"fusion-sep-clear\"><\/div><div class=\"fusion-text fusion-text-8 valeur-legal-advise valeur-margin-contact\"><p><strong>Informaci\u00f3n b\u00e1sica sobre protecci\u00f3n de datos.<\/strong> Responsable: Valeur Home Staging. Finalidad: Gestionar el env\u00edo de informaci\u00f3n y prospecci\u00f3n comercial y dar acceso a los productos online. Legitimaci\u00f3n: Consentimiento del interesado. Destinatarios: Empresas proveedoras nacionales y encargados de tratamiento acogidos a privacy shield. Derechos: Acceder, rectificar y suprimir los datos, as\u00ed como otros derechos como se explica en la informaci\u00f3n adicional. Informaci\u00f3n adicional:\u00a0Puedes consultar la informaci\u00f3n adicional y detallada sobre protecci\u00f3n de datos\u00a0<a href=\"https:\/\/valeurhomestaging.com\/en\/privacy-policy\/\" target=\"_blank\" rel=\"noopener noreferrer\" data-saferedirecturl=\"https:\/\/www.google.com\/url?q=http:\/\/annagarcia.net\/consentimiento-web\/&amp;source=gmail&amp;ust=1586869246909000&amp;usg=AFQjCNHrth1FUQTpi671ZRHjiKZeDP83PA\">en este enlace<\/a><\/p>\n<\/div><div class=\"fusion-clearfix\"><\/div><\/div><\/div><div class=\"fusion-layout-column fusion_builder_column fusion-builder-column-5 fusion_builder_column_1_2 1_2 fusion-one-half fusion-column-last valeur-contact-form\" style=\"--awb-padding-top:120px;--awb-padding-bottom:30px;--awb-bg-color:#90c9c4;--awb-bg-color-hover:#90c9c4;--awb-bg-size:cover;--awb-margin-bottom:0px;\"><div class=\"fusion-column-wrapper fusion-column-has-shadow fusion-flex-column-wrapper-legacy\"><div class=\"fusion-text fusion-text-9 valeur-margin-contact\">\n<div class=\"wpcf7 no-js\" id=\"wpcf7-f1443-p1455-o1\" lang=\"en-US\" dir=\"ltr\" data-wpcf7-id=\"1443\">\n<div class=\"screen-reader-response\"><p role=\"status\" aria-live=\"polite\" aria-atomic=\"true\"><\/p> <ul><\/ul><\/div>\n<form action=\"\/en\/wp-json\/wp\/v2\/pages\/1459#wpcf7-f1443-p1455-o1\" method=\"post\" class=\"wpcf7-form init wpcf7-acceptance-as-validation\" aria-label=\"Contact form\" novalidate=\"novalidate\" data-status=\"init\">\n<fieldset class=\"hidden-fields-container\"><input type=\"hidden\" name=\"_wpcf7\" value=\"1443\" \/><input type=\"hidden\" name=\"_wpcf7_version\" value=\"6.1.5\" \/><input type=\"hidden\" name=\"_wpcf7_locale\" value=\"en_US\" \/><input type=\"hidden\" name=\"_wpcf7_unit_tag\" value=\"wpcf7-f1443-p1455-o1\" \/><input type=\"hidden\" name=\"_wpcf7_container_post\" value=\"1455\" \/><input type=\"hidden\" name=\"_wpcf7_posted_data_hash\" value=\"\" \/>\n<\/fieldset>\n<div class=\"valeur-contact-wrapper\">\n\t<div class=\"valeur-contact-label\">\n\t\t<p>Name <span class=\"valeur-asterisk\">*<\/span>\n\t\t<\/p>\n\t<\/div>\n\t<div class=\"valeur-contact-field\">\n\t\t<p><span class=\"wpcf7-form-control-wrap\" data-name=\"your-name\"><input size=\"40\" maxlength=\"400\" class=\"wpcf7-form-control wpcf7-text wpcf7-validates-as-required\" aria-required=\"true\" aria-invalid=\"false\" value=\"\" type=\"text\" name=\"your-name\" \/><\/span>\n\t\t<\/p>\n\t<\/div>\n<\/div>\n<div class=\"valeur-contact-wrapper\">\n\t<div class=\"valeur-contact-label\">\n\t\t<p>Email <span class=\"valeur-asterisk\">*<\/span>\n\t\t<\/p>\n\t<\/div>\n\t<div class=\"valeur-contact-field\">\n\t\t<p><span class=\"wpcf7-form-control-wrap\" data-name=\"your-email\"><input size=\"40\" maxlength=\"400\" class=\"wpcf7-form-control wpcf7-email wpcf7-validates-as-required wpcf7-text wpcf7-validates-as-email\" aria-required=\"true\" aria-invalid=\"false\" value=\"\" type=\"email\" name=\"your-email\" \/><\/span>\n\t\t<\/p>\n\t<\/div>\n<\/div>\n<div class=\"valeur-contact-wrapper\">\n\t<div class=\"valeur-contact-label\">\n\t\t<p>Phone\n\t\t<\/p>\n\t<\/div>\n\t<div class=\"valeur-contact-field\">\n\t\t<p><span class=\"wpcf7-form-control-wrap\" data-name=\"your-tel\"><input size=\"40\" maxlength=\"400\" class=\"wpcf7-form-control wpcf7-tel wpcf7-text wpcf7-validates-as-tel\" aria-invalid=\"false\" value=\"\" type=\"tel\" name=\"your-tel\" \/><\/span>\n\t\t<\/p>\n\t<\/div>\n<\/div>\n<div class=\"valeur-contact-wrapper\">\n\t<div class=\"valeur-contact-label\">\n\t\t<p>Message <span class=\"valeur-asterisk\">*<\/span>\n\t\t<\/p>\n\t<\/div>\n\t<div class=\"valeur-contact-field\">\n\t\t<p><span class=\"wpcf7-form-control-wrap\" data-name=\"your-message\"><textarea cols=\"40\" rows=\"10\" maxlength=\"2000\" class=\"wpcf7-form-control wpcf7-textarea wpcf7-validates-as-required\" aria-required=\"true\" aria-invalid=\"false\" name=\"your-message\"><\/textarea><\/span>\n\t\t<\/p>\n\t<\/div>\n<\/div>\n<div class=\"valeur-acceptance-text\">\n\t<p><span class=\"wpcf7-form-control-wrap\" data-name=\"acceptance-100\"><span class=\"wpcf7-form-control wpcf7-acceptance\"><span class=\"wpcf7-list-item\"><label><input type=\"checkbox\" name=\"acceptance-100\" value=\"1\" aria-invalid=\"false\" \/><span class=\"wpcf7-list-item-label\">I have read and accept the <a href=\"https:\/\/valeurhomestaging.com\/en\/privacy-policy\/\">privacy policy<\/a><\/span><\/label><\/span><\/span><\/span>\n\t<\/p>\n<\/div>\n<div style=\"text-align:center\">\n\t<p><input class=\"wpcf7-form-control wpcf7-submit has-spinner\" type=\"submit\" value=\"Send\" \/>\n\t<\/p>\n<\/div><div class=\"fusion-alert alert custom alert-custom fusion-alert-center wpcf7-response-output fusion-alert-capitalize awb-alert-native-link-color alert-dismissable awb-alert-close-boxed\" style=\"--awb-border-size:1px;--awb-border-top-left-radius:0px;--awb-border-top-right-radius:0px;--awb-border-bottom-left-radius:0px;--awb-border-bottom-right-radius:0px;\" role=\"alert\"><div class=\"fusion-alert-content-wrapper\"><span class=\"fusion-alert-content\"><\/span><\/div><button type=\"button\" class=\"close toggle-alert\" data-dismiss=\"alert\" aria-label=\"Close\">&times;<\/button><\/div>\n<\/form>\n<\/div>\n\n<\/div><div class=\"fusion-clearfix\"><\/div><\/div><\/div><\/div><\/div>\n<\/div><\/div>","protected":false},"excerpt":{"rendered":"<p>Get in Touch We\u2019d love to talk to you and  [&#8230;]<\/p>\n","protected":false},"author":1,"featured_media":0,"parent":0,"menu_order":0,"comment_status":"closed","ping_status":"closed","template":"100-width.php","meta":{"footnotes":""},"class_list":["post-1459","page","type-page","status-publish","hentry"],"yoast_head":"<!-- This site is optimized with the Yoast SEO plugin v27.2 - https:\/\/yoast.com\/product\/yoast-seo-wordpress\/ -->\n<title>About - Home Staging - Valeur<\/title>\n<meta name=\"robots\" content=\"index, follow, max-snippet:-1, max-image-preview:large, max-video-preview:-1\" \/>\n<link rel=\"canonical\" href=\"https:\/\/valeurhomestaging.com\/en\/about\/\" \/>\n<meta property=\"og:locale\" content=\"en_US\" \/>\n<meta property=\"og:type\" content=\"article\" \/>\n<meta property=\"og:title\" content=\"About - Home Staging - Valeur\" \/>\n<meta property=\"og:description\" content=\"Get in Touch We\u2019d love to talk to you and [...]\" \/>\n<meta property=\"og:url\" content=\"https:\/\/valeurhomestaging.com\/en\/about\/\" \/>\n<meta property=\"og:site_name\" content=\"Home Staging - Valeur\" \/>\n<meta property=\"article:modified_time\" content=\"2024-09-11T09:38:05+00:00\" \/>\n<meta name=\"twitter:card\" content=\"summary_large_image\" \/>\n<meta name=\"twitter:label1\" content=\"Est. reading time\" \/>\n\t<meta name=\"twitter:data1\" content=\"4 minutes\" \/>\n<script type=\"application\/ld+json\" class=\"yoast-schema-graph\">{\"@context\":\"https:\/\/schema.org\",\"@graph\":[{\"@type\":\"WebPage\",\"@id\":\"https:\/\/valeurhomestaging.com\/en\/about\/\",\"url\":\"https:\/\/valeurhomestaging.com\/en\/about\/\",\"name\":\"About - Home Staging - Valeur\",\"isPartOf\":{\"@id\":\"https:\/\/valeurhomestaging.com\/en\/#website\"},\"datePublished\":\"2020-04-22T11:31:59+00:00\",\"dateModified\":\"2024-09-11T09:38:05+00:00\",\"breadcrumb\":{\"@id\":\"https:\/\/valeurhomestaging.com\/en\/about\/#breadcrumb\"},\"inLanguage\":\"en-US\",\"potentialAction\":[{\"@type\":\"ReadAction\",\"target\":[\"https:\/\/valeurhomestaging.com\/en\/about\/\"]}]},{\"@type\":\"BreadcrumbList\",\"@id\":\"https:\/\/valeurhomestaging.com\/en\/about\/#breadcrumb\",\"itemListElement\":[{\"@type\":\"ListItem\",\"position\":1,\"name\":\"Portada\",\"item\":\"https:\/\/valeurhomestaging.com\/en\/\"},{\"@type\":\"ListItem\",\"position\":2,\"name\":\"About\"}]},{\"@type\":\"WebSite\",\"@id\":\"https:\/\/valeurhomestaging.com\/en\/#website\",\"url\":\"https:\/\/valeurhomestaging.com\/en\/\",\"name\":\"Home Staging - Valeur\",\"description\":\"\",\"publisher\":{\"@id\":\"https:\/\/valeurhomestaging.com\/en\/#organization\"},\"potentialAction\":[{\"@type\":\"SearchAction\",\"target\":{\"@type\":\"EntryPoint\",\"urlTemplate\":\"https:\/\/valeurhomestaging.com\/en\/?s={search_term_string}\"},\"query-input\":{\"@type\":\"PropertyValueSpecification\",\"valueRequired\":true,\"valueName\":\"search_term_string\"}}],\"inLanguage\":\"en-US\"},{\"@type\":\"Organization\",\"@id\":\"https:\/\/valeurhomestaging.com\/en\/#organization\",\"name\":\"Valeur Home Staging\",\"url\":\"https:\/\/valeurhomestaging.com\/en\/\",\"logo\":{\"@type\":\"ImageObject\",\"inLanguage\":\"en-US\",\"@id\":\"https:\/\/valeurhomestaging.com\/en\/#\/schema\/logo\/image\/\",\"url\":\"https:\/\/valeurhomestaging.com\/wp-content\/uploads\/2020\/04\/logo-valeur-188.png\",\"contentUrl\":\"https:\/\/valeurhomestaging.com\/wp-content\/uploads\/2020\/04\/logo-valeur-188.png\",\"width\":453,\"height\":188,\"caption\":\"Valeur Home Staging\"},\"image\":{\"@id\":\"https:\/\/valeurhomestaging.com\/en\/#\/schema\/logo\/image\/\"}}]}<\/script>\n<!-- \/ Yoast SEO plugin. -->","yoast_head_json":{"title":"About - Home Staging - Valeur","robots":{"index":"index","follow":"follow","max-snippet":"max-snippet:-1","max-image-preview":"max-image-preview:large","max-video-preview":"max-video-preview:-1"},"canonical":"https:\/\/valeurhomestaging.com\/en\/about\/","og_locale":"en_US","og_type":"article","og_title":"About - Home Staging - Valeur","og_description":"Get in Touch We\u2019d love to talk to you and [...]","og_url":"https:\/\/valeurhomestaging.com\/en\/about\/","og_site_name":"Home Staging - Valeur","article_modified_time":"2024-09-11T09:38:05+00:00","twitter_card":"summary_large_image","twitter_misc":{"Est. reading time":"4 minutes"},"schema":{"@context":"https:\/\/schema.org","@graph":[{"@type":"WebPage","@id":"https:\/\/valeurhomestaging.com\/en\/about\/","url":"https:\/\/valeurhomestaging.com\/en\/about\/","name":"About - Home Staging - Valeur","isPartOf":{"@id":"https:\/\/valeurhomestaging.com\/en\/#website"},"datePublished":"2020-04-22T11:31:59+00:00","dateModified":"2024-09-11T09:38:05+00:00","breadcrumb":{"@id":"https:\/\/valeurhomestaging.com\/en\/about\/#breadcrumb"},"inLanguage":"en-US","potentialAction":[{"@type":"ReadAction","target":["https:\/\/valeurhomestaging.com\/en\/about\/"]}]},{"@type":"BreadcrumbList","@id":"https:\/\/valeurhomestaging.com\/en\/about\/#breadcrumb","itemListElement":[{"@type":"ListItem","position":1,"name":"Portada","item":"https:\/\/valeurhomestaging.com\/en\/"},{"@type":"ListItem","position":2,"name":"About"}]},{"@type":"WebSite","@id":"https:\/\/valeurhomestaging.com\/en\/#website","url":"https:\/\/valeurhomestaging.com\/en\/","name":"Home Staging - Valeur","description":"","publisher":{"@id":"https:\/\/valeurhomestaging.com\/en\/#organization"},"potentialAction":[{"@type":"SearchAction","target":{"@type":"EntryPoint","urlTemplate":"https:\/\/valeurhomestaging.com\/en\/?s={search_term_string}"},"query-input":{"@type":"PropertyValueSpecification","valueRequired":true,"valueName":"search_term_string"}}],"inLanguage":"en-US"},{"@type":"Organization","@id":"https:\/\/valeurhomestaging.com\/en\/#organization","name":"Valeur Home Staging","url":"https:\/\/valeurhomestaging.com\/en\/","logo":{"@type":"ImageObject","inLanguage":"en-US","@id":"https:\/\/valeurhomestaging.com\/en\/#\/schema\/logo\/image\/","url":"https:\/\/valeurhomestaging.com\/wp-content\/uploads\/2020\/04\/logo-valeur-188.png","contentUrl":"https:\/\/valeurhomestaging.com\/wp-content\/uploads\/2020\/04\/logo-valeur-188.png","width":453,"height":188,"caption":"Valeur Home Staging"},"image":{"@id":"https:\/\/valeurhomestaging.com\/en\/#\/schema\/logo\/image\/"}}]}},"_links":{"self":[{"href":"https:\/\/valeurhomestaging.com\/en\/wp-json\/wp\/v2\/pages\/1459","targetHints":{"allow":["GET"]}}],"collection":[{"href":"https:\/\/valeurhomestaging.com\/en\/wp-json\/wp\/v2\/pages"}],"about":[{"href":"https:\/\/valeurhomestaging.com\/en\/wp-json\/wp\/v2\/types\/page"}],"author":[{"embeddable":true,"href":"https:\/\/valeurhomestaging.com\/en\/wp-json\/wp\/v2\/users\/1"}],"replies":[{"embeddable":true,"href":"https:\/\/valeurhomestaging.com\/en\/wp-json\/wp\/v2\/comments?post=1459"}],"version-history":[{"count":21,"href":"https:\/\/valeurhomestaging.com\/en\/wp-json\/wp\/v2\/pages\/1459\/revisions"}],"predecessor-version":[{"id":8125,"href":"https:\/\/valeurhomestaging.com\/en\/wp-json\/wp\/v2\/pages\/1459\/revisions\/8125"}],"wp:attachment":[{"href":"https:\/\/valeurhomestaging.com\/en\/wp-json\/wp\/v2\/media?parent=1459"}],"curies":[{"name":"wp","href":"https:\/\/api.w.org\/{rel}","templated":true}]}}