{"id":1262,"date":"2020-04-20T15:58:05","date_gmt":"2020-04-20T15:58:05","guid":{"rendered":"https:\/\/valeurhomestaging.com\/contact\/"},"modified":"2021-09-10T10:07:14","modified_gmt":"2021-09-10T10:07:14","slug":"contact","status":"publish","type":"page","link":"https:\/\/valeurhomestaging.com\/fr\/contact\/","title":{"rendered":"Contact"},"content":{"rendered":"<p><div class=\"fusion-fullwidth fullwidth-box fusion-builder-row-1 fusion-flex-container hundred-percent-fullwidth non-hundred-percent-height-scrolling\" style=\"--awb-border-radius-top-left:0px;--awb-border-radius-top-right:0px;--awb-border-radius-bottom-right:0px;--awb-border-radius-bottom-left:0px;--awb-padding-top:0px;--awb-padding-right:0px;--awb-padding-bottom:0px;--awb-padding-left:0px;--awb-margin-top:0px;--awb-margin-bottom:0px;--awb-flex-wrap:wrap;\" ><div class=\"fusion-builder-row fusion-row fusion-flex-align-items-flex-start fusion-flex-content-wrap\" style=\"width:104% !important;max-width:104% !important;margin-left: calc(-4% \/ 2 );margin-right: calc(-4% \/ 2 );\"><div class=\"fusion-layout-column fusion_builder_column fusion-builder-column-0 fusion_builder_column_1_1 1_1 fusion-flex-column\" style=\"--awb-bg-size:cover;--awb-width-large:100%;--awb-margin-top-large:0px;--awb-spacing-right-large:1.92%;--awb-margin-bottom-large:20px;--awb-spacing-left-large:1.92%;--awb-width-medium:100%;--awb-order-medium:0;--awb-spacing-right-medium:1.92%;--awb-spacing-left-medium:1.92%;--awb-width-small:100%;--awb-order-small:0;--awb-spacing-right-small:1.92%;--awb-spacing-left-small:1.92%;\"><div class=\"fusion-column-wrapper fusion-column-has-shadow fusion-flex-justify-content-flex-start fusion-content-layout-column\">\t\t\t\t\t<div class=\"fusion-slider-container fusion-slider-sc-contacto-fr fusion-slider-58 full-width-slider\" style=\"height:400px; max-width:100%;\" data-id=\"58\" data-full_height=\"\">\n\t\t\t\t\t\t<style type=\"text\/css\">.fusion-slider-58 .flex-direction-nav a {width:63px;height:63px;line-height:63px;font-size:25px;}<\/style>\t\t\t\t\t\t<div class=\"fusion-slider-loading\">Loading...<\/div>\n\t\t\t\t\t\t<div class=\"tfs-slider flexslider main-flex full-width-slider\" data-slider_width=\"100%\" data-slider_height=\"400px\" data-full_screen=\"0\" data-parallax=\"0\" data-nav_arrows=\"1\" data-nav_box_width=\"63px\" data-nav_box_height=\"63px\" data-nav_arrow_size=\"25px\" data-autoplay=\"1\" data-loop=\"1\" data-orderby=\"date\" data-order=\"DESC\" data-animation=\"fade\" data-slideshow_speed=\"7000\" data-animation_speed=\"600\" data-typo_sensitivity=\"0.1\" data-typo_factor=\"1.5\" style=\"max-width:100%;\">\n\t\t\t\t\t\t\t<ul class=\"slides\">\n\t\t\t\t\t\t\t\t\t\t\t\t\t\t\t\t\t<li data-mute=\"yes\" data-loop=\"yes\" data-autoplay=\"yes\">\n\t\t\t\t\t\t\t\t\t\t<div class=\"slide-content-container slide-content-center\" style=\"display: none;\">\n\t\t\t\t\t\t\t\t\t\t\t<div class=\"slide-content\" style=\"\">\n\t\t\t\t\t\t\t\t\t\t\t\t\t\t\t\t\t\t\t\t\t\t\t\t\t<div class=\"heading \">\n\t\t\t\t\t\t\t\t\t\t\t\t\t\t<div class=\"fusion-title-sc-wrapper\" style=\"\">\n\t\t\t\t\t\t\t\t\t\t\t\t\t\t\t<div class=\"fusion-title title fusion-title-1 fusion-sep-none fusion-title-center fusion-title-text fusion-title-size-one\" style=\"--awb-text-color:#fff;--awb-margin-bottom:0px;--awb-margin-top-small:0px;--awb-margin-right-small:0px;--awb-margin-bottom-small:20px;--awb-margin-left-small:0px;--awb-sep-color:#fff;--awb-font-size:24px;\"><h1 class=\"fusion-title-heading title-heading-center fusion-responsive-typography-calculated\" style=\"margin:0;font-size:1em;--fontSize:24;line-height:1.2;\"><div class=\"valeur-slide-title\">\u00cates-vous pr\u00eat \u00e0 <span class=\"valeur-dancing-blue\">d\u00e9marquer votre propri\u00e9t\u00e9<\/span> des autres sur le march\u00e9?<\/div><\/h1><\/div>\t\t\t\t\t\t\t\t\t\t\t\t\t\t<\/div>\n\t\t\t\t\t\t\t\t\t\t\t\t\t<\/div>\n\t\t\t\t\t\t\t\t\t\t\t\t\t\t\t\t\t\t\t\t\t\t\t\t\t\t\t\t\t\t\t\t\t\t\t\t\t\t\t\t\t\t\t\t\t\t\t\t\t<div class=\"buttons\" >\n\t\t\t\t\t\t\t\t\t\t\t\t\t\t\t\t\t\t\t\t\t\t\t\t\t\t\t\t\t\t\t\t\t\t\t\t\t\t\t\t\t<\/div>\n\t\t\t\t\t\t\t\t\t\t\t\t\t\t\t\t\t\t\t\t\t\t\t<\/div>\n\t\t\t\t\t\t\t\t\t\t<\/div>\n\t\t\t\t\t\t\t\t\t\t\t\t\t\t\t\t\t\t\t\t\t\t\t\t\t\t\t\t\t\t\t\t\t\t\t\t\t\t\t\t<div class=\"background background-image\" style=\"background-image: url(https:\/\/valeurhomestaging.com\/wp-content\/uploads\/2020\/04\/Contacto_Encabezado.jpg);max-width:100%;height:400px;filter: progid:DXImageTransform.Microsoft.AlphaImageLoader(src='https:\/\/valeurhomestaging.com\/wp-content\/uploads\/2020\/04\/Contacto_Encabezado.jpg', sizingMethod='scale');\" data-imgwidth=\"1920\">\n\t\t\t\t\t\t\t\t\t\t\t\t\t\t\t\t\t\t\t\t\t\t\t\t\t\t\t\t\t\t\t\t\t\t\t\t\t\t\t\t\t\t\t\t\t\t\t\t\t\t\t\t\t\t\t\t\t\t\t\t\t\t\t\t\t\t<\/div>\n\t\t\t\t\t\t\t\t\t<\/li>\n\t\t\t\t\t\t\t\t\t\t\t\t\t\t\t\t\t\t\t\t\t\t\t<\/ul>\n\t\t\t\t\t\t<\/div>\n\t\t\t\t\t<\/div>\n\t\t\t\t\t\t\t\t<\/div><\/div><\/div><\/div><div class=\"fusion-fullwidth fullwidth-box fusion-builder-row-2 hundred-percent-fullwidth non-hundred-percent-height-scrolling fusion-equal-height-columns\" style=\"--awb-border-sizes-top:0px;--awb-border-sizes-bottom:0px;--awb-border-sizes-left:0px;--awb-border-sizes-right:0px;--awb-border-radius-top-left:0px;--awb-border-radius-top-right:0px;--awb-border-radius-bottom-right:0px;--awb-border-radius-bottom-left:0px;--awb-padding-top:130px;--awb-padding-bottom:110px;--awb-flex-wrap:wrap;\" ><div class=\"fusion-builder-row fusion-row\"><div class=\"fusion-layout-column fusion_builder_column fusion-builder-column-1 fusion_builder_column_1_2 1_2 fusion-one-half fusion-column-first valeur-contact-data valeur-center-padding\" style=\"--awb-bg-size:cover;width:48%; margin-right: 4%;\"><div class=\"fusion-column-wrapper fusion-column-has-shadow fusion-flex-column-wrapper-legacy\"><div class=\"fusion-column-content-centered\"><div class=\"fusion-column-content\"><div class=\"fusion-text fusion-text-1 valeur-circle-title valeur-circle-title-1\"><h1 style=\"text-align: center;\"><span class=\"valeur-dancing-h1\">Contact<\/span><\/h1>\n<\/div><div class=\"fusion-text fusion-text-2\"><h3 style=\"text-align: center;\"><a href=\"tel:+34685303856\">+34 685 303 856<\/a><br \/>\n<a href=\"mailto:info@valeurhomestaging.com\">info@valeurhomestaging.com<\/a><\/h3>\n<\/div><div class=\"fusion-sep-clear\"><\/div><div class=\"fusion-separator fusion-full-width-sep\" style=\"margin-left: auto;margin-right: auto;margin-top:20px;width:100%;\"><\/div><div class=\"fusion-sep-clear\"><\/div><div class=\"valeur-contact-rrss-wrapper\">\r\n\r\n\r\n<\/div><div class=\"fusion-sep-clear\"><\/div><div class=\"fusion-separator fusion-full-width-sep\" style=\"margin-left: auto;margin-right: auto;margin-top:40px;width:100%;\"><\/div><div class=\"fusion-sep-clear\"><\/div><div class=\"fusion-text fusion-text-3 valeur-contact-name\"><h5 style=\"margin-top: 0px; margin-bottom: 20px; text-align: center;\"><span style=\"color: #00a4b1;\">Pauline Moutardier<\/span><\/h5>\n<h5 style=\"margin-top: 0px; margin-bottom: 20px; text-align: center;\">Home Stager professionnelle<\/h5>\n<\/div><div class=\"fusion-sep-clear\"><\/div><div class=\"fusion-separator fusion-full-width-sep\" style=\"margin-left: auto;margin-right: auto;margin-top:20px;width:100%;\"><\/div><div class=\"fusion-sep-clear\"><\/div><\/div><\/div><div class=\"fusion-clearfix\"><\/div><\/div><\/div><div class=\"fusion-layout-column fusion_builder_column fusion-builder-column-2 fusion_builder_column_1_2 1_2 fusion-one-half fusion-column-last\" style=\"--awb-bg-size:cover;width:48%;\"><div class=\"fusion-column-wrapper fusion-column-has-shadow fusion-flex-column-wrapper-legacy\"><div class=\"fusion-column-content-centered\"><div class=\"fusion-column-content\"><div class=\"fusion-image-element fusion-image-align-center in-legacy-container\" style=\"text-align:center;--awb-max-width:400px;--awb-caption-title-font-family:var(--h2_typography-font-family);--awb-caption-title-font-weight:var(--h2_typography-font-weight);--awb-caption-title-font-style:var(--h2_typography-font-style);--awb-caption-title-size:var(--h2_typography-font-size);--awb-caption-title-transform:var(--h2_typography-text-transform);--awb-caption-title-line-height:var(--h2_typography-line-height);--awb-caption-title-letter-spacing:var(--h2_typography-letter-spacing);\"><div class=\"imageframe-align-center\"><span class=\" fusion-imageframe imageframe-none imageframe-1 hover-type-zoomin\"><img decoding=\"async\" width=\"895\" height=\"1500\" title=\"IMG_6520\" src=\"https:\/\/valeurhomestaging.com\/wp-content\/uploads\/2021\/09\/IMG_6520.jpg\" alt class=\"img-responsive wp-image-3754\" srcset=\"https:\/\/valeurhomestaging.com\/wp-content\/uploads\/2021\/09\/IMG_6520-200x335.jpg 200w, https:\/\/valeurhomestaging.com\/wp-content\/uploads\/2021\/09\/IMG_6520-400x670.jpg 400w, https:\/\/valeurhomestaging.com\/wp-content\/uploads\/2021\/09\/IMG_6520-600x1006.jpg 600w, https:\/\/valeurhomestaging.com\/wp-content\/uploads\/2021\/09\/IMG_6520-800x1341.jpg 800w, https:\/\/valeurhomestaging.com\/wp-content\/uploads\/2021\/09\/IMG_6520.jpg 895w\" sizes=\"(max-width: 1000px) 100vw, 600px\" \/><\/span><\/div><\/div><\/div><\/div><div class=\"fusion-clearfix\"><\/div><\/div><\/div><\/div><\/div><\/p>\n<div class=\"valeur-second-footer\"><div data-post-id=\"935\" class=\"insert-page insert-page-935 \"><div class=\"fusion-fullwidth fullwidth-box fusion-builder-row-3 hundred-percent-fullwidth non-hundred-percent-height-scrolling fusion-equal-height-columns\" style=\"--awb-border-radius-top-left:0px;--awb-border-radius-top-right:0px;--awb-border-radius-bottom-right:0px;--awb-border-radius-bottom-left:0px;--awb-padding-right:0px;--awb-padding-left:0px;--awb-margin-top:0px;--awb-margin-bottom:0px;--awb-flex-wrap:wrap;\" ><div class=\"fusion-builder-row fusion-row\"><div class=\"fusion-layout-column fusion_builder_column fusion-builder-column-3 fusion_builder_column_1_2 1_2 fusion-one-half fusion-column-first\" style=\"--awb-padding-top:120px;--awb-padding-bottom:50px;--awb-bg-color:#00a4b1;--awb-bg-color-hover:#00a4b1;--awb-bg-size:cover;--awb-margin-bottom:0px;\"><div class=\"fusion-column-wrapper fusion-column-has-shadow fusion-flex-column-wrapper-legacy\"><div class=\"fusion-text fusion-text-4 valeur-margin-section\"><h1 style=\"text-align: center;\"><span style=\"color: #ffffff;\">Posez-nous une<\/span><br \/>\n<span class=\"valeur-dancing-h1\" style=\"color: #ffffff;\">question<\/span><\/h1>\n<\/div><div class=\"fusion-sep-clear\"><\/div><div class=\"fusion-separator fusion-full-width-sep\" style=\"margin-left: auto;margin-right: auto;margin-top:20px;width:100%;\"><\/div><div class=\"fusion-sep-clear\"><\/div><div class=\"fusion-text fusion-text-5 valeur-margin-contact\"><p style=\"text-align: left;\"><span style=\"color: #ffffff;\">Demandez un devis ou posez-nous une question. Nous vous r\u00e9pondrons dans les plus brefs d\u00e9lais.<\/span><\/p>\n<\/div><div class=\"fusion-sep-clear\"><\/div><div class=\"fusion-separator fusion-full-width-sep\" style=\"margin-left: auto;margin-right: auto;margin-top:20px;width:100%;\"><\/div><div class=\"fusion-sep-clear\"><\/div><div class=\"fusion-text fusion-text-6 valeur-legal-advise valeur-margin-contact\"><p><strong>Informaci\u00f3n b\u00e1sica sobre protecci\u00f3n de datos.<\/strong> Responsable: Valeur Home Staging. Finalidad: Gestionar el env\u00edo de informaci\u00f3n y prospecci\u00f3n comercial y dar acceso a los productos online. Legitimaci\u00f3n: Consentimiento del interesado. Destinatarios: Empresas proveedoras nacionales y encargados de tratamiento acogidos a privacy shield. Derechos: Acceder, rectificar y suprimir los datos, as\u00ed como otros derechos como se explica en la informaci\u00f3n adicional. Informaci\u00f3n adicional:\u00a0Puedes consultar la informaci\u00f3n adicional y detallada sobre protecci\u00f3n de datos\u00a0<a href=\"https:\/\/valeurhomestaging.com\/fr\/politique-de-confidentialite\/\" target=\"_blank\" rel=\"noopener noreferrer\" data-saferedirecturl=\"https:\/\/www.google.com\/url?q=http:\/\/annagarcia.net\/consentimiento-web\/&amp;source=gmail&amp;ust=1586869246909000&amp;usg=AFQjCNHrth1FUQTpi671ZRHjiKZeDP83PA\">en este enlace<\/a><\/p>\n<\/div><div class=\"fusion-clearfix\"><\/div><\/div><\/div><div class=\"fusion-layout-column fusion_builder_column fusion-builder-column-4 fusion_builder_column_1_2 1_2 fusion-one-half fusion-column-last valeur-contact-form\" style=\"--awb-padding-top:120px;--awb-padding-bottom:30px;--awb-bg-color:#90c9c4;--awb-bg-color-hover:#90c9c4;--awb-bg-size:cover;--awb-margin-bottom:0px;\"><div class=\"fusion-column-wrapper fusion-column-has-shadow fusion-flex-column-wrapper-legacy\"><div class=\"fusion-text fusion-text-7 valeur-margin-contact\">\n<div class=\"wpcf7 no-js\" id=\"wpcf7-f1444-p1435-o1\" lang=\"fr-FR\" dir=\"ltr\" data-wpcf7-id=\"1444\">\n<div class=\"screen-reader-response\"><p role=\"status\" aria-live=\"polite\" aria-atomic=\"true\"><\/p> <ul><\/ul><\/div>\n<form action=\"\/fr\/wp-json\/wp\/v2\/pages\/1262#wpcf7-f1444-p1435-o1\" method=\"post\" class=\"wpcf7-form init wpcf7-acceptance-as-validation\" aria-label=\"Formulaire de contact\" novalidate=\"novalidate\" data-status=\"init\">\n<fieldset class=\"hidden-fields-container\"><input type=\"hidden\" name=\"_wpcf7\" value=\"1444\" \/><input type=\"hidden\" name=\"_wpcf7_version\" value=\"6.1.5\" \/><input type=\"hidden\" name=\"_wpcf7_locale\" value=\"fr_FR\" \/><input type=\"hidden\" name=\"_wpcf7_unit_tag\" value=\"wpcf7-f1444-p1435-o1\" \/><input type=\"hidden\" name=\"_wpcf7_container_post\" value=\"1435\" \/><input type=\"hidden\" name=\"_wpcf7_posted_data_hash\" value=\"\" \/>\n<\/fieldset>\n<div class=\"valeur-contact-wrapper\">\n\t<div class=\"valeur-contact-label\">\n\t\t<p>Nom <span class=\"valeur-asterisk\">*<\/span>\n\t\t<\/p>\n\t<\/div>\n\t<div class=\"valeur-contact-field\">\n\t\t<p><span class=\"wpcf7-form-control-wrap\" data-name=\"your-name\"><input size=\"40\" maxlength=\"400\" class=\"wpcf7-form-control wpcf7-text wpcf7-validates-as-required\" aria-required=\"true\" aria-invalid=\"false\" value=\"\" type=\"text\" name=\"your-name\" \/><\/span>\n\t\t<\/p>\n\t<\/div>\n<\/div>\n<div class=\"valeur-contact-wrapper\">\n\t<div class=\"valeur-contact-label\">\n\t\t<p>Email <span class=\"valeur-asterisk\">*<\/span>\n\t\t<\/p>\n\t<\/div>\n\t<div class=\"valeur-contact-field\">\n\t\t<p><span class=\"wpcf7-form-control-wrap\" data-name=\"your-email\"><input size=\"40\" maxlength=\"400\" class=\"wpcf7-form-control wpcf7-email wpcf7-validates-as-required wpcf7-text wpcf7-validates-as-email\" aria-required=\"true\" aria-invalid=\"false\" value=\"\" type=\"email\" name=\"your-email\" \/><\/span>\n\t\t<\/p>\n\t<\/div>\n<\/div>\n<div class=\"valeur-contact-wrapper\">\n\t<div class=\"valeur-contact-label\">\n\t\t<p>T\u00e9l\u00e9phone\n\t\t<\/p>\n\t<\/div>\n\t<div class=\"valeur-contact-field\">\n\t\t<p><span class=\"wpcf7-form-control-wrap\" data-name=\"your-tel\"><input size=\"40\" maxlength=\"400\" class=\"wpcf7-form-control wpcf7-tel wpcf7-text wpcf7-validates-as-tel\" aria-invalid=\"false\" value=\"\" type=\"tel\" name=\"your-tel\" \/><\/span>\n\t\t<\/p>\n\t<\/div>\n<\/div>\n<div class=\"valeur-contact-wrapper\">\n\t<div class=\"valeur-contact-label\">\n\t\t<p>Message <span class=\"valeur-asterisk\">*<\/span>\n\t\t<\/p>\n\t<\/div>\n\t<div class=\"valeur-contact-field\">\n\t\t<p><span class=\"wpcf7-form-control-wrap\" data-name=\"your-message\"><textarea cols=\"40\" rows=\"10\" maxlength=\"2000\" class=\"wpcf7-form-control wpcf7-textarea wpcf7-validates-as-required\" aria-required=\"true\" aria-invalid=\"false\" name=\"your-message\"><\/textarea><\/span>\n\t\t<\/p>\n\t<\/div>\n<\/div>\n<div class=\"valeur-acceptance-text\">\n\t<p><span class=\"wpcf7-form-control-wrap\" data-name=\"acceptance-100\"><span class=\"wpcf7-form-control wpcf7-acceptance\"><span class=\"wpcf7-list-item\"><label><input type=\"checkbox\" name=\"acceptance-100\" value=\"1\" aria-invalid=\"false\" \/><span class=\"wpcf7-list-item-label\">J'ai lu et j'accepte la <a href=\"https:\/\/valeurhomestaging.com\/fr\/politique-de-confidentialite\/\">politique de confidentialit\u00e9<\/a><\/span><\/label><\/span><\/span><\/span>\n\t<\/p>\n<\/div>\n<div style=\"text-align:center\">\n\t<p><input class=\"wpcf7-form-control wpcf7-submit has-spinner\" type=\"submit\" value=\"Envoyer\" \/>\n\t<\/p>\n<\/div><div class=\"fusion-alert alert custom alert-custom fusion-alert-center wpcf7-response-output fusion-alert-capitalize awb-alert-native-link-color alert-dismissable awb-alert-close-boxed\" style=\"--awb-border-size:1px;--awb-border-top-left-radius:0px;--awb-border-top-right-radius:0px;--awb-border-bottom-left-radius:0px;--awb-border-bottom-right-radius:0px;\" role=\"alert\"><div class=\"fusion-alert-content-wrapper\"><span class=\"fusion-alert-content\"><\/span><\/div><button type=\"button\" class=\"close toggle-alert\" data-dismiss=\"alert\" aria-label=\"Close\">&times;<\/button><\/div>\n<\/form>\n<\/div>\n\n<\/div><div class=\"fusion-clearfix\"><\/div><\/div><\/div><\/div><\/div>\n<\/div><\/div>","protected":false},"excerpt":{"rendered":"<p>Posez-nous une question Demandez un devis ou posez-nous une question.  [&#8230;]<\/p>\n","protected":false},"author":1,"featured_media":0,"parent":0,"menu_order":0,"comment_status":"closed","ping_status":"closed","template":"100-width.php","meta":{"footnotes":""},"class_list":["post-1262","page","type-page","status-publish","hentry"],"yoast_head":"<!-- This site is optimized with the Yoast SEO plugin v27.2 - https:\/\/yoast.com\/product\/yoast-seo-wordpress\/ -->\n<title>Contact - Home Staging - Valeur<\/title>\n<meta name=\"robots\" content=\"index, nofollow, max-snippet:-1, max-image-preview:large, max-video-preview:-1\" \/>\n<link rel=\"canonical\" href=\"https:\/\/valeurhomestaging.com\/fr\/contact\/\" \/>\n<meta property=\"og:locale\" content=\"fr_FR\" \/>\n<meta property=\"og:type\" content=\"article\" \/>\n<meta property=\"og:title\" content=\"Contact - Home Staging - Valeur\" \/>\n<meta property=\"og:description\" content=\"Posez-nous une question Demandez un devis ou posez-nous une question. [...]\" \/>\n<meta property=\"og:url\" content=\"https:\/\/valeurhomestaging.com\/fr\/contact\/\" \/>\n<meta property=\"og:site_name\" content=\"Home Staging - Valeur\" \/>\n<meta property=\"article:modified_time\" content=\"2021-09-10T10:07:14+00:00\" \/>\n<meta name=\"twitter:card\" content=\"summary_large_image\" \/>\n<meta name=\"twitter:label1\" content=\"Dur\u00e9e de lecture estim\u00e9e\" \/>\n\t<meta name=\"twitter:data1\" content=\"3 minutes\" \/>\n<script type=\"application\/ld+json\" class=\"yoast-schema-graph\">{\"@context\":\"https:\/\/schema.org\",\"@graph\":[{\"@type\":\"WebPage\",\"@id\":\"https:\/\/valeurhomestaging.com\/fr\/contact\/\",\"url\":\"https:\/\/valeurhomestaging.com\/fr\/contact\/\",\"name\":\"Contact - Home Staging - Valeur\",\"isPartOf\":{\"@id\":\"https:\/\/valeurhomestaging.com\/fr\/#website\"},\"datePublished\":\"2020-04-20T15:58:05+00:00\",\"dateModified\":\"2021-09-10T10:07:14+00:00\",\"breadcrumb\":{\"@id\":\"https:\/\/valeurhomestaging.com\/fr\/contact\/#breadcrumb\"},\"inLanguage\":\"fr-FR\",\"potentialAction\":[{\"@type\":\"ReadAction\",\"target\":[\"https:\/\/valeurhomestaging.com\/fr\/contact\/\"]}]},{\"@type\":\"BreadcrumbList\",\"@id\":\"https:\/\/valeurhomestaging.com\/fr\/contact\/#breadcrumb\",\"itemListElement\":[{\"@type\":\"ListItem\",\"position\":1,\"name\":\"Portada\",\"item\":\"https:\/\/valeurhomestaging.com\/fr\/\"},{\"@type\":\"ListItem\",\"position\":2,\"name\":\"Contact\"}]},{\"@type\":\"WebSite\",\"@id\":\"https:\/\/valeurhomestaging.com\/fr\/#website\",\"url\":\"https:\/\/valeurhomestaging.com\/fr\/\",\"name\":\"Home Staging - Valeur\",\"description\":\"\",\"publisher\":{\"@id\":\"https:\/\/valeurhomestaging.com\/fr\/#organization\"},\"potentialAction\":[{\"@type\":\"SearchAction\",\"target\":{\"@type\":\"EntryPoint\",\"urlTemplate\":\"https:\/\/valeurhomestaging.com\/fr\/?s={search_term_string}\"},\"query-input\":{\"@type\":\"PropertyValueSpecification\",\"valueRequired\":true,\"valueName\":\"search_term_string\"}}],\"inLanguage\":\"fr-FR\"},{\"@type\":\"Organization\",\"@id\":\"https:\/\/valeurhomestaging.com\/fr\/#organization\",\"name\":\"Valeur Home Staging\",\"url\":\"https:\/\/valeurhomestaging.com\/fr\/\",\"logo\":{\"@type\":\"ImageObject\",\"inLanguage\":\"fr-FR\",\"@id\":\"https:\/\/valeurhomestaging.com\/fr\/#\/schema\/logo\/image\/\",\"url\":\"https:\/\/valeurhomestaging.com\/wp-content\/uploads\/2020\/04\/logo-valeur-188.png\",\"contentUrl\":\"https:\/\/valeurhomestaging.com\/wp-content\/uploads\/2020\/04\/logo-valeur-188.png\",\"width\":453,\"height\":188,\"caption\":\"Valeur Home Staging\"},\"image\":{\"@id\":\"https:\/\/valeurhomestaging.com\/fr\/#\/schema\/logo\/image\/\"}}]}<\/script>\n<!-- \/ Yoast SEO plugin. -->","yoast_head_json":{"title":"Contact - Home Staging - Valeur","robots":{"index":"index","follow":"nofollow","max-snippet":"max-snippet:-1","max-image-preview":"max-image-preview:large","max-video-preview":"max-video-preview:-1"},"canonical":"https:\/\/valeurhomestaging.com\/fr\/contact\/","og_locale":"fr_FR","og_type":"article","og_title":"Contact - Home Staging - Valeur","og_description":"Posez-nous une question Demandez un devis ou posez-nous une question. [...]","og_url":"https:\/\/valeurhomestaging.com\/fr\/contact\/","og_site_name":"Home Staging - Valeur","article_modified_time":"2021-09-10T10:07:14+00:00","twitter_card":"summary_large_image","twitter_misc":{"Dur\u00e9e de lecture estim\u00e9e":"3 minutes"},"schema":{"@context":"https:\/\/schema.org","@graph":[{"@type":"WebPage","@id":"https:\/\/valeurhomestaging.com\/fr\/contact\/","url":"https:\/\/valeurhomestaging.com\/fr\/contact\/","name":"Contact - Home Staging - Valeur","isPartOf":{"@id":"https:\/\/valeurhomestaging.com\/fr\/#website"},"datePublished":"2020-04-20T15:58:05+00:00","dateModified":"2021-09-10T10:07:14+00:00","breadcrumb":{"@id":"https:\/\/valeurhomestaging.com\/fr\/contact\/#breadcrumb"},"inLanguage":"fr-FR","potentialAction":[{"@type":"ReadAction","target":["https:\/\/valeurhomestaging.com\/fr\/contact\/"]}]},{"@type":"BreadcrumbList","@id":"https:\/\/valeurhomestaging.com\/fr\/contact\/#breadcrumb","itemListElement":[{"@type":"ListItem","position":1,"name":"Portada","item":"https:\/\/valeurhomestaging.com\/fr\/"},{"@type":"ListItem","position":2,"name":"Contact"}]},{"@type":"WebSite","@id":"https:\/\/valeurhomestaging.com\/fr\/#website","url":"https:\/\/valeurhomestaging.com\/fr\/","name":"Home Staging - Valeur","description":"","publisher":{"@id":"https:\/\/valeurhomestaging.com\/fr\/#organization"},"potentialAction":[{"@type":"SearchAction","target":{"@type":"EntryPoint","urlTemplate":"https:\/\/valeurhomestaging.com\/fr\/?s={search_term_string}"},"query-input":{"@type":"PropertyValueSpecification","valueRequired":true,"valueName":"search_term_string"}}],"inLanguage":"fr-FR"},{"@type":"Organization","@id":"https:\/\/valeurhomestaging.com\/fr\/#organization","name":"Valeur Home Staging","url":"https:\/\/valeurhomestaging.com\/fr\/","logo":{"@type":"ImageObject","inLanguage":"fr-FR","@id":"https:\/\/valeurhomestaging.com\/fr\/#\/schema\/logo\/image\/","url":"https:\/\/valeurhomestaging.com\/wp-content\/uploads\/2020\/04\/logo-valeur-188.png","contentUrl":"https:\/\/valeurhomestaging.com\/wp-content\/uploads\/2020\/04\/logo-valeur-188.png","width":453,"height":188,"caption":"Valeur Home Staging"},"image":{"@id":"https:\/\/valeurhomestaging.com\/fr\/#\/schema\/logo\/image\/"}}]}},"_links":{"self":[{"href":"https:\/\/valeurhomestaging.com\/fr\/wp-json\/wp\/v2\/pages\/1262","targetHints":{"allow":["GET"]}}],"collection":[{"href":"https:\/\/valeurhomestaging.com\/fr\/wp-json\/wp\/v2\/pages"}],"about":[{"href":"https:\/\/valeurhomestaging.com\/fr\/wp-json\/wp\/v2\/types\/page"}],"author":[{"embeddable":true,"href":"https:\/\/valeurhomestaging.com\/fr\/wp-json\/wp\/v2\/users\/1"}],"replies":[{"embeddable":true,"href":"https:\/\/valeurhomestaging.com\/fr\/wp-json\/wp\/v2\/comments?post=1262"}],"version-history":[{"count":4,"href":"https:\/\/valeurhomestaging.com\/fr\/wp-json\/wp\/v2\/pages\/1262\/revisions"}],"predecessor-version":[{"id":3812,"href":"https:\/\/valeurhomestaging.com\/fr\/wp-json\/wp\/v2\/pages\/1262\/revisions\/3812"}],"wp:attachment":[{"href":"https:\/\/valeurhomestaging.com\/fr\/wp-json\/wp\/v2\/media?parent=1262"}],"curies":[{"name":"wp","href":"https:\/\/api.w.org\/{rel}","templated":true}]}}