{"id":1305,"date":"2020-04-21T09:45:20","date_gmt":"2020-04-21T09:45:20","guid":{"rendered":"https:\/\/valeurhomestaging.com\/plus-dinformations-sur-les-cookies\/"},"modified":"2020-04-21T10:54:19","modified_gmt":"2020-04-21T10:54:19","slug":"plus-dinformations-sur-les-cookies","status":"publish","type":"page","link":"https:\/\/valeurhomestaging.com\/fr\/plus-dinformations-sur-les-cookies\/","title":{"rendered":"Plus d&rsquo;informations sur les cookies"},"content":{"rendered":"<div class=\"fusion-fullwidth fullwidth-box fusion-builder-row-1 nonhundred-percent-fullwidth non-hundred-percent-height-scrolling\" style=\"--awb-border-radius-top-left:0px;--awb-border-radius-top-right:0px;--awb-border-radius-bottom-right:0px;--awb-border-radius-bottom-left:0px;--awb-margin-top:120px;--awb-flex-wrap:wrap;\" ><div class=\"fusion-builder-row fusion-row\"><div class=\"fusion-layout-column fusion_builder_column fusion-builder-column-0 fusion_builder_column_1_1 1_1 fusion-one-full fusion-column-first fusion-column-last\" style=\"--awb-bg-size:cover;--awb-margin-bottom:0px;\"><div class=\"fusion-column-wrapper fusion-flex-column-wrapper-legacy\"><div class=\"fusion-text fusion-text-1\"><h3>\u00bfQu\u00e9 es una cookie?<\/h3>\n<p>Una <em>cookie<\/em> es un fichero de texto <b>inofensivo<\/b> que se almacena en su navegador cuando visita casi cualquier p\u00e1gina web. La utilidad de la <em>cookie<\/em> es que la web sea capaz de recordar su visita cuando vuelva a navegar por esa p\u00e1gina. Aunque mucha gente no lo sabe las <em>cookies<\/em> se llevan utilizando desde hace 20 a\u00f1os, cuando aparecieron los primeros navegadores para la World Wide Web.<\/p>\n<h3>\u00bfQu\u00e9 NO ES una cookie?<\/h3>\n<p>No es un virus, ni un troyano, ni un gusano, ni spam, ni spyware, ni abre ventanas pop-up.<\/p>\n<h3>\u00bfQu\u00e9 informaci\u00f3n almacena una <em>cookie<\/em>?<\/h3>\n<p>Las <em>cookies<\/em> no suelen almacenar informaci\u00f3n sensible sobre usted, como tarjetas de cr\u00e9dito o datos bancarios, fotograf\u00edas, su DNI o informaci\u00f3n personal, etc. Los datos que guardan son de car\u00e1cter t\u00e9cnico, preferencias personales, personalizaci\u00f3n de contenidos, etc.<\/p>\n<p>El servidor web no le asocia a usted como persona si no a su navegador web. De hecho, si usted navega habitualmente con Internet Explorer y prueba a navegar por la misma web con Firefox o Chrome ver\u00e1 que la web no se da cuenta que es usted la misma persona porque en realidad est\u00e1 asociando al navegador, no a la persona.<\/p>\n<h3>\u00bfQu\u00e9 tipo de <em>cookies<\/em> existen?<\/h3>\n<ul>\n<li><em>Cookies<\/em> t\u00e9cnicas: Son las m\u00e1s elementales y permiten, entre otras cosas, saber cu\u00e1ndo est\u00e1 navegando un humano o una aplicaci\u00f3n automatizada, cu\u00e1ndo navega un usuario an\u00f3nimo y uno registrado, tareas b\u00e1sicas para el funcionamiento de cualquier web din\u00e1mica.<\/li>\n<li><em>Cookies<\/em> de an\u00e1lisis: Recogen informaci\u00f3n sobre el tipo de navegaci\u00f3n que est\u00e1 realizando, las secciones que m\u00e1s utiliza, productos consultados, franja horaria de uso, idioma, etc.<\/li>\n<li><em>Cookies<\/em> publicitarias: Muestran publicidad en funci\u00f3n de su navegaci\u00f3n, su pa\u00eds de procedencia, idioma, etc.<\/li>\n<\/ul>\n<h3>\u00bfQu\u00e9 son las <em>cookies<\/em> propias y las de terceros?<\/h3>\n<p>Las <em>cookies propias<\/em> son las generadas por la p\u00e1gina que est\u00e1 visitando y las <em>de terceros<\/em> son las generadas por servicios o proveedores externos como Facebook, Twitter, Google, etc.<\/p>\n<h3>\u00bfQu\u00e9 ocurre si desactivo las <em>cookies<\/em>?<\/h3>\n<p>Para que entienda el alcance que puede tener desactivar las <em>cookies<\/em> le mostramos unos ejemplos:<\/p>\n<ul>\n<li>No podr\u00e1 compartir contenidos de esa web en Facebook, Twitter o cualquier otra red social.<\/li>\n<li>El sitio web no podr\u00e1 adaptar los contenidos a sus preferencias personales, como suele ocurrir en las tiendas online.<\/li>\n<li>No podr\u00e1 acceder al \u00e1rea personal de esa web, como por ejemplo <em>Mi cuenta<\/em>, o <em>Mi perfil<\/em> o <em>Mis pedidos<\/em>.<\/li>\n<li>Tiendas online: Le ser\u00e1 imposible realizar compras online, tendr\u00e1n que ser telef\u00f3nicas o visitando la tienda f\u00edsica si es que dispone de ella.<\/li>\n<li>No ser\u00e1 posible personalizar sus preferencias geogr\u00e1ficas como franja horaria, divisa o idioma.<\/li>\n<li>El sitio web no podr\u00e1 realizar anal\u00edticas web sobre visitantes y tr\u00e1fico en la web, lo que dificultar\u00e1 que la web sea competitiva.<\/li>\n<li>No podr\u00e1 escribir en el blog, no podr\u00e1 subir fotos, publicar comentarios, valorar o puntuar contenidos. La web tampoco podr\u00e1 saber si usted es un humano o una aplicaci\u00f3n automatizada que publica <em>spam<\/em>.<\/li>\n<li>No se podr\u00e1 mostrar publicidad sectorizada, lo que reducir\u00e1 los ingresos publicitarios de la web.<\/li>\n<li>Todas las redes sociales usan <em>cookies<\/em>, si las desactiva no podr\u00e1 utilizar ninguna red social.<\/li>\n<\/ul>\n<h3>\u00bfSe pueden eliminar las <em>cookies<\/em>?<\/h3>\n<p>S\u00ed. No s\u00f3lo eliminar, tambi\u00e9n bloquear, de forma general o particular para un dominio espec\u00edfico.<\/p>\n<p>Para eliminar las <em>cookies<\/em> de un sitio web debe ir a la configuraci\u00f3n de su navegador y all\u00ed podr\u00e1 buscar las asociadas al dominio en cuesti\u00f3n y proceder a su eliminaci\u00f3n.<\/p>\n<h3 id=\"navegadores\">Configuraci\u00f3n de <em>cookies<\/em> para los navegadores m\u00e1s populares<\/h3>\n<p>A continuaci\u00f3n le indicamos c\u00f3mo acceder a una <em>cookie<\/em> determinada del navegador <b>Chrome<\/b>. Nota: estos pasos pueden variar en funci\u00f3n de la versi\u00f3n del navegador:<\/p>\n<ol>\n<li>Vaya a Configuraci\u00f3n o Preferencias mediante el men\u00fa Archivo o bien pinchando el icono de personalizaci\u00f3n que aparece arriba a la derecha.<\/li>\n<li>Ver\u00e1 diferentes secciones, pinche la opci\u00f3n <em>Mostrar opciones avanzadas<\/em>.<\/li>\n<li>Vaya a <em>Privacidad<\/em>, <em>Configuraci\u00f3n de contenido<\/em>.<\/li>\n<li>Seleccione <em>Todas las <em>cookies<\/em> y los datos de sitios<\/em>.<\/li>\n<li>Aparecer\u00e1 un listado con todas las <em>cookies<\/em> ordenadas por dominio. Para que le sea m\u00e1s f\u00e1cil encontrar las <em>cookies<\/em> de un determinado dominio introduzca parcial o totalmente la direcci\u00f3n en el campo <em>Buscar cookies<\/em>.<\/li>\n<li>Tras realizar este filtro aparecer\u00e1n en pantalla una o varias l\u00edneas con las <em>cookies<\/em> de la web solicitada. Ahora s\u00f3lo tiene que seleccionarla y pulsar la <em>X<\/em> para proceder a su eliminaci\u00f3n.<\/li>\n<\/ol>\n<p>Para acceder a la configuraci\u00f3n de <em>cookies<\/em> del navegador <b>Internet Explorer<\/b> siga estos pasos (pueden variar en funci\u00f3n de la versi\u00f3n del navegador):<\/p>\n<ol>\n<li>Vaya a <em>Herramientas<\/em>, <em>Opciones de Internet<\/em><\/li>\n<li>Haga click en <em>Privacidad<\/em>.<\/li>\n<li>Mueva el deslizador hasta ajustar el nivel de privacidad que desee.<\/li>\n<\/ol>\n<p>Para acceder a la configuraci\u00f3n de <em>cookies<\/em> del navegador <b>Firefox<\/b> siga estos pasos (pueden variar en funci\u00f3n de la versi\u00f3n del navegador):<\/p>\n<ol>\n<li>Vaya a <em>Opciones<\/em> o <em>Preferencias<\/em> seg\u00fan su sistema operativo.<\/li>\n<li>Haga click en <em>Privacidad<\/em>.<\/li>\n<li>En <em>Historial<\/em> elija <em>Usar una configuraci\u00f3n personalizada para el historial<\/em>.<\/li>\n<li>Ahora ver\u00e1 la opci\u00f3n <em>Aceptar cookies<\/em>, puede activarla o desactivarla seg\u00fan sus preferencias.<\/li>\n<\/ol>\n<p>Para acceder a la configuraci\u00f3n de <em>cookies<\/em> del navegador <b>Safari para OSX<\/b> siga estos pasos (pueden variar en funci\u00f3n de la versi\u00f3n del navegador):<\/p>\n<ol>\n<li>Vaya a <em>Preferencias<\/em>, luego <em>Privacidad<\/em>.<\/li>\n<li>En este lugar ver\u00e1 la opci\u00f3n <em>Bloquear cookies<\/em> para que ajuste el tipo de bloqueo que desea realizar.<\/li>\n<\/ol>\n<p>Para acceder a la configuraci\u00f3n de <em>cookies<\/em> del navegador <b>Safari para iOS<\/b> siga estos pasos (pueden variar en funci\u00f3n de la versi\u00f3n del navegador):<\/p>\n<ol>\n<li>Vaya a <em>Ajustes<\/em>, luego <em>Safari<\/em>.<\/li>\n<li>Vaya a <em>Privacidad y Seguridad<\/em>, ver\u00e1 la opci\u00f3n <em>Bloquear cookies<\/em> para que ajuste el tipo de bloqueo que desea realizar.<\/li>\n<\/ol>\n<p>Para acceder a la configuraci\u00f3n de <em>cookies<\/em> del navegador para dispositivos <b>Android<\/b> siga estos pasos (pueden variar en funci\u00f3n de la versi\u00f3n del navegador):<\/p>\n<ol>\n<li>Ejecute el navegador y pulse la tecla <em>Men\u00fa<\/em>, luego <em>Ajustes<\/em>.<\/li>\n<li>Vaya a <em>Seguridad y Privacidad<\/em>, ver\u00e1 la opci\u00f3n <em>Aceptar cookies<\/em> para que active o desactive la casilla.<\/li>\n<\/ol>\n<p>Para acceder a la configuraci\u00f3n de <em>cookies<\/em> del navegador para dispositivos <b>Windows Phone<\/b> siga estos pasos (pueden variar en funci\u00f3n de la versi\u00f3n del navegador):<\/p>\n<ol>\n<li>Abra <em>Internet Explorer<\/em>, luego <em>M\u00e1s<\/em>, luego <em>Configuraci\u00f3n<\/em><\/li>\n<li>Ahora puede activar o desactivar la casilla <em>Permitir cookies<\/em>.<\/li>\n<\/ol>\n<\/div><div class=\"fusion-clearfix\"><\/div><\/div><\/div><\/div><\/div>\n<div class=\"valeur-second-footer\"><div data-post-id=\"935\" class=\"insert-page insert-page-935 \"><div class=\"fusion-fullwidth fullwidth-box fusion-builder-row-2 hundred-percent-fullwidth non-hundred-percent-height-scrolling fusion-equal-height-columns\" style=\"--awb-border-radius-top-left:0px;--awb-border-radius-top-right:0px;--awb-border-radius-bottom-right:0px;--awb-border-radius-bottom-left:0px;--awb-padding-right:0px;--awb-padding-left:0px;--awb-margin-top:0px;--awb-margin-bottom:0px;--awb-flex-wrap:wrap;\" ><div class=\"fusion-builder-row fusion-row\"><div class=\"fusion-layout-column fusion_builder_column fusion-builder-column-1 fusion_builder_column_1_2 1_2 fusion-one-half fusion-column-first\" style=\"--awb-padding-top:120px;--awb-padding-bottom:50px;--awb-bg-color:#00a4b1;--awb-bg-color-hover:#00a4b1;--awb-bg-size:cover;--awb-margin-bottom:0px;\"><div class=\"fusion-column-wrapper fusion-column-has-shadow fusion-flex-column-wrapper-legacy\"><div class=\"fusion-text fusion-text-2 valeur-margin-section\"><h1 style=\"text-align: center;\"><span style=\"color: #ffffff;\">Posez-nous une<\/span><br \/>\n<span class=\"valeur-dancing-h1\" style=\"color: #ffffff;\">question<\/span><\/h1>\n<\/div><div class=\"fusion-sep-clear\"><\/div><div class=\"fusion-separator fusion-full-width-sep\" style=\"margin-left: auto;margin-right: auto;margin-top:20px;width:100%;\"><\/div><div class=\"fusion-sep-clear\"><\/div><div class=\"fusion-text fusion-text-3 valeur-margin-contact\"><p style=\"text-align: left;\"><span style=\"color: #ffffff;\">Demandez un devis ou posez-nous une question. Nous vous r\u00e9pondrons dans les plus brefs d\u00e9lais.<\/span><\/p>\n<\/div><div class=\"fusion-sep-clear\"><\/div><div class=\"fusion-separator fusion-full-width-sep\" style=\"margin-left: auto;margin-right: auto;margin-top:20px;width:100%;\"><\/div><div class=\"fusion-sep-clear\"><\/div><div class=\"fusion-text fusion-text-4 valeur-legal-advise valeur-margin-contact\"><p><strong>Informaci\u00f3n b\u00e1sica sobre protecci\u00f3n de datos.<\/strong> Responsable: Valeur Home Staging. Finalidad: Gestionar el env\u00edo de informaci\u00f3n y prospecci\u00f3n comercial y dar acceso a los productos online. Legitimaci\u00f3n: Consentimiento del interesado. Destinatarios: Empresas proveedoras nacionales y encargados de tratamiento acogidos a privacy shield. Derechos: Acceder, rectificar y suprimir los datos, as\u00ed como otros derechos como se explica en la informaci\u00f3n adicional. Informaci\u00f3n adicional:\u00a0Puedes consultar la informaci\u00f3n adicional y detallada sobre protecci\u00f3n de datos\u00a0<a href=\"https:\/\/valeurhomestaging.com\/fr\/politique-de-confidentialite\/\" target=\"_blank\" rel=\"noopener noreferrer\" data-saferedirecturl=\"https:\/\/www.google.com\/url?q=http:\/\/annagarcia.net\/consentimiento-web\/&amp;source=gmail&amp;ust=1586869246909000&amp;usg=AFQjCNHrth1FUQTpi671ZRHjiKZeDP83PA\">en este enlace<\/a><\/p>\n<\/div><div class=\"fusion-clearfix\"><\/div><\/div><\/div><div class=\"fusion-layout-column fusion_builder_column fusion-builder-column-2 fusion_builder_column_1_2 1_2 fusion-one-half fusion-column-last valeur-contact-form\" style=\"--awb-padding-top:120px;--awb-padding-bottom:30px;--awb-bg-color:#90c9c4;--awb-bg-color-hover:#90c9c4;--awb-bg-size:cover;--awb-margin-bottom:0px;\"><div class=\"fusion-column-wrapper fusion-column-has-shadow fusion-flex-column-wrapper-legacy\"><div class=\"fusion-text fusion-text-5 valeur-margin-contact\">\n<div class=\"wpcf7 no-js\" id=\"wpcf7-f1444-p1435-o1\" lang=\"fr-FR\" dir=\"ltr\" data-wpcf7-id=\"1444\">\n<div class=\"screen-reader-response\"><p role=\"status\" aria-live=\"polite\" aria-atomic=\"true\"><\/p> <ul><\/ul><\/div>\n<form action=\"\/fr\/wp-json\/wp\/v2\/pages\/1305#wpcf7-f1444-p1435-o1\" method=\"post\" class=\"wpcf7-form init wpcf7-acceptance-as-validation\" aria-label=\"Formulaire de contact\" novalidate=\"novalidate\" data-status=\"init\">\n<fieldset class=\"hidden-fields-container\"><input type=\"hidden\" name=\"_wpcf7\" value=\"1444\" \/><input type=\"hidden\" name=\"_wpcf7_version\" value=\"6.1.5\" \/><input type=\"hidden\" name=\"_wpcf7_locale\" value=\"fr_FR\" \/><input type=\"hidden\" name=\"_wpcf7_unit_tag\" value=\"wpcf7-f1444-p1435-o1\" \/><input type=\"hidden\" name=\"_wpcf7_container_post\" value=\"1435\" \/><input type=\"hidden\" name=\"_wpcf7_posted_data_hash\" value=\"\" \/>\n<\/fieldset>\n<div class=\"valeur-contact-wrapper\">\n\t<div class=\"valeur-contact-label\">\n\t\t<p>Nom <span class=\"valeur-asterisk\">*<\/span>\n\t\t<\/p>\n\t<\/div>\n\t<div class=\"valeur-contact-field\">\n\t\t<p><span class=\"wpcf7-form-control-wrap\" data-name=\"your-name\"><input size=\"40\" maxlength=\"400\" class=\"wpcf7-form-control wpcf7-text wpcf7-validates-as-required\" aria-required=\"true\" aria-invalid=\"false\" value=\"\" type=\"text\" name=\"your-name\" \/><\/span>\n\t\t<\/p>\n\t<\/div>\n<\/div>\n<div class=\"valeur-contact-wrapper\">\n\t<div class=\"valeur-contact-label\">\n\t\t<p>Email <span class=\"valeur-asterisk\">*<\/span>\n\t\t<\/p>\n\t<\/div>\n\t<div class=\"valeur-contact-field\">\n\t\t<p><span class=\"wpcf7-form-control-wrap\" data-name=\"your-email\"><input size=\"40\" maxlength=\"400\" class=\"wpcf7-form-control wpcf7-email wpcf7-validates-as-required wpcf7-text wpcf7-validates-as-email\" aria-required=\"true\" aria-invalid=\"false\" value=\"\" type=\"email\" name=\"your-email\" \/><\/span>\n\t\t<\/p>\n\t<\/div>\n<\/div>\n<div class=\"valeur-contact-wrapper\">\n\t<div class=\"valeur-contact-label\">\n\t\t<p>T\u00e9l\u00e9phone\n\t\t<\/p>\n\t<\/div>\n\t<div class=\"valeur-contact-field\">\n\t\t<p><span class=\"wpcf7-form-control-wrap\" data-name=\"your-tel\"><input size=\"40\" maxlength=\"400\" class=\"wpcf7-form-control wpcf7-tel wpcf7-text wpcf7-validates-as-tel\" aria-invalid=\"false\" value=\"\" type=\"tel\" name=\"your-tel\" \/><\/span>\n\t\t<\/p>\n\t<\/div>\n<\/div>\n<div class=\"valeur-contact-wrapper\">\n\t<div class=\"valeur-contact-label\">\n\t\t<p>Message <span class=\"valeur-asterisk\">*<\/span>\n\t\t<\/p>\n\t<\/div>\n\t<div class=\"valeur-contact-field\">\n\t\t<p><span class=\"wpcf7-form-control-wrap\" data-name=\"your-message\"><textarea cols=\"40\" rows=\"10\" maxlength=\"2000\" class=\"wpcf7-form-control wpcf7-textarea wpcf7-validates-as-required\" aria-required=\"true\" aria-invalid=\"false\" name=\"your-message\"><\/textarea><\/span>\n\t\t<\/p>\n\t<\/div>\n<\/div>\n<div class=\"valeur-acceptance-text\">\n\t<p><span class=\"wpcf7-form-control-wrap\" data-name=\"acceptance-100\"><span class=\"wpcf7-form-control wpcf7-acceptance\"><span class=\"wpcf7-list-item\"><label><input type=\"checkbox\" name=\"acceptance-100\" value=\"1\" aria-invalid=\"false\" \/><span class=\"wpcf7-list-item-label\">J'ai lu et j'accepte la <a href=\"https:\/\/valeurhomestaging.com\/fr\/politique-de-confidentialite\/\">politique de confidentialit\u00e9<\/a><\/span><\/label><\/span><\/span><\/span>\n\t<\/p>\n<\/div>\n<div style=\"text-align:center\">\n\t<p><input class=\"wpcf7-form-control wpcf7-submit has-spinner\" type=\"submit\" value=\"Envoyer\" \/>\n\t<\/p>\n<\/div><div class=\"fusion-alert alert custom alert-custom fusion-alert-center wpcf7-response-output fusion-alert-capitalize awb-alert-native-link-color alert-dismissable awb-alert-close-boxed\" style=\"--awb-border-size:1px;--awb-border-top-left-radius:0px;--awb-border-top-right-radius:0px;--awb-border-bottom-left-radius:0px;--awb-border-bottom-right-radius:0px;\" role=\"alert\"><div class=\"fusion-alert-content-wrapper\"><span class=\"fusion-alert-content\"><\/span><\/div><button type=\"button\" class=\"close toggle-alert\" data-dismiss=\"alert\" aria-label=\"Close\">&times;<\/button><\/div>\n<\/form>\n<\/div>\n\n<\/div><div class=\"fusion-clearfix\"><\/div><\/div><\/div><\/div><\/div>\n<\/div><\/div>","protected":false},"excerpt":{"rendered":"<p>Posez-nous une question Demandez un devis ou posez-nous une question.  [&#8230;]<\/p>\n","protected":false},"author":1,"featured_media":0,"parent":0,"menu_order":0,"comment_status":"closed","ping_status":"closed","template":"","meta":{"footnotes":""},"class_list":["post-1305","page","type-page","status-publish","hentry"],"yoast_head":"<!-- This site is optimized with the Yoast SEO plugin v27.2 - https:\/\/yoast.com\/product\/yoast-seo-wordpress\/ -->\n<title>Plus d&#039;informations sur les cookies - Home Staging - Valeur<\/title>\n<meta name=\"robots\" content=\"index, follow, max-snippet:-1, max-image-preview:large, max-video-preview:-1\" \/>\n<link rel=\"canonical\" href=\"https:\/\/valeurhomestaging.com\/fr\/plus-dinformations-sur-les-cookies\/\" \/>\n<meta property=\"og:locale\" content=\"fr_FR\" \/>\n<meta property=\"og:type\" content=\"article\" \/>\n<meta property=\"og:title\" content=\"Plus d&#039;informations sur les cookies - Home Staging - Valeur\" \/>\n<meta property=\"og:description\" content=\"Posez-nous une question Demandez un devis ou posez-nous une question. [...]\" \/>\n<meta property=\"og:url\" content=\"https:\/\/valeurhomestaging.com\/fr\/plus-dinformations-sur-les-cookies\/\" \/>\n<meta property=\"og:site_name\" content=\"Home Staging - Valeur\" \/>\n<meta property=\"article:modified_time\" content=\"2020-04-21T10:54:19+00:00\" \/>\n<meta name=\"twitter:card\" content=\"summary_large_image\" \/>\n<meta name=\"twitter:label1\" content=\"Dur\u00e9e de lecture estim\u00e9e\" \/>\n\t<meta name=\"twitter:data1\" content=\"7 minutes\" \/>\n<script type=\"application\/ld+json\" class=\"yoast-schema-graph\">{\"@context\":\"https:\/\/schema.org\",\"@graph\":[{\"@type\":\"WebPage\",\"@id\":\"https:\/\/valeurhomestaging.com\/fr\/plus-dinformations-sur-les-cookies\/\",\"url\":\"https:\/\/valeurhomestaging.com\/fr\/plus-dinformations-sur-les-cookies\/\",\"name\":\"Plus d'informations sur les cookies - Home Staging - Valeur\",\"isPartOf\":{\"@id\":\"https:\/\/valeurhomestaging.com\/fr\/#website\"},\"datePublished\":\"2020-04-21T09:45:20+00:00\",\"dateModified\":\"2020-04-21T10:54:19+00:00\",\"breadcrumb\":{\"@id\":\"https:\/\/valeurhomestaging.com\/fr\/plus-dinformations-sur-les-cookies\/#breadcrumb\"},\"inLanguage\":\"fr-FR\",\"potentialAction\":[{\"@type\":\"ReadAction\",\"target\":[\"https:\/\/valeurhomestaging.com\/fr\/plus-dinformations-sur-les-cookies\/\"]}]},{\"@type\":\"BreadcrumbList\",\"@id\":\"https:\/\/valeurhomestaging.com\/fr\/plus-dinformations-sur-les-cookies\/#breadcrumb\",\"itemListElement\":[{\"@type\":\"ListItem\",\"position\":1,\"name\":\"Portada\",\"item\":\"https:\/\/valeurhomestaging.com\/fr\/\"},{\"@type\":\"ListItem\",\"position\":2,\"name\":\"Plus d&rsquo;informations sur les cookies\"}]},{\"@type\":\"WebSite\",\"@id\":\"https:\/\/valeurhomestaging.com\/fr\/#website\",\"url\":\"https:\/\/valeurhomestaging.com\/fr\/\",\"name\":\"Home Staging - Valeur\",\"description\":\"\",\"publisher\":{\"@id\":\"https:\/\/valeurhomestaging.com\/fr\/#organization\"},\"potentialAction\":[{\"@type\":\"SearchAction\",\"target\":{\"@type\":\"EntryPoint\",\"urlTemplate\":\"https:\/\/valeurhomestaging.com\/fr\/?s={search_term_string}\"},\"query-input\":{\"@type\":\"PropertyValueSpecification\",\"valueRequired\":true,\"valueName\":\"search_term_string\"}}],\"inLanguage\":\"fr-FR\"},{\"@type\":\"Organization\",\"@id\":\"https:\/\/valeurhomestaging.com\/fr\/#organization\",\"name\":\"Valeur Home Staging\",\"url\":\"https:\/\/valeurhomestaging.com\/fr\/\",\"logo\":{\"@type\":\"ImageObject\",\"inLanguage\":\"fr-FR\",\"@id\":\"https:\/\/valeurhomestaging.com\/fr\/#\/schema\/logo\/image\/\",\"url\":\"https:\/\/valeurhomestaging.com\/wp-content\/uploads\/2020\/04\/logo-valeur-188.png\",\"contentUrl\":\"https:\/\/valeurhomestaging.com\/wp-content\/uploads\/2020\/04\/logo-valeur-188.png\",\"width\":453,\"height\":188,\"caption\":\"Valeur Home Staging\"},\"image\":{\"@id\":\"https:\/\/valeurhomestaging.com\/fr\/#\/schema\/logo\/image\/\"}}]}<\/script>\n<!-- \/ Yoast SEO plugin. -->","yoast_head_json":{"title":"Plus d'informations sur les cookies - Home Staging - Valeur","robots":{"index":"index","follow":"follow","max-snippet":"max-snippet:-1","max-image-preview":"max-image-preview:large","max-video-preview":"max-video-preview:-1"},"canonical":"https:\/\/valeurhomestaging.com\/fr\/plus-dinformations-sur-les-cookies\/","og_locale":"fr_FR","og_type":"article","og_title":"Plus d'informations sur les cookies - Home Staging - Valeur","og_description":"Posez-nous une question Demandez un devis ou posez-nous une question. [...]","og_url":"https:\/\/valeurhomestaging.com\/fr\/plus-dinformations-sur-les-cookies\/","og_site_name":"Home Staging - Valeur","article_modified_time":"2020-04-21T10:54:19+00:00","twitter_card":"summary_large_image","twitter_misc":{"Dur\u00e9e de lecture estim\u00e9e":"7 minutes"},"schema":{"@context":"https:\/\/schema.org","@graph":[{"@type":"WebPage","@id":"https:\/\/valeurhomestaging.com\/fr\/plus-dinformations-sur-les-cookies\/","url":"https:\/\/valeurhomestaging.com\/fr\/plus-dinformations-sur-les-cookies\/","name":"Plus d'informations sur les cookies - Home Staging - Valeur","isPartOf":{"@id":"https:\/\/valeurhomestaging.com\/fr\/#website"},"datePublished":"2020-04-21T09:45:20+00:00","dateModified":"2020-04-21T10:54:19+00:00","breadcrumb":{"@id":"https:\/\/valeurhomestaging.com\/fr\/plus-dinformations-sur-les-cookies\/#breadcrumb"},"inLanguage":"fr-FR","potentialAction":[{"@type":"ReadAction","target":["https:\/\/valeurhomestaging.com\/fr\/plus-dinformations-sur-les-cookies\/"]}]},{"@type":"BreadcrumbList","@id":"https:\/\/valeurhomestaging.com\/fr\/plus-dinformations-sur-les-cookies\/#breadcrumb","itemListElement":[{"@type":"ListItem","position":1,"name":"Portada","item":"https:\/\/valeurhomestaging.com\/fr\/"},{"@type":"ListItem","position":2,"name":"Plus d&rsquo;informations sur les cookies"}]},{"@type":"WebSite","@id":"https:\/\/valeurhomestaging.com\/fr\/#website","url":"https:\/\/valeurhomestaging.com\/fr\/","name":"Home Staging - Valeur","description":"","publisher":{"@id":"https:\/\/valeurhomestaging.com\/fr\/#organization"},"potentialAction":[{"@type":"SearchAction","target":{"@type":"EntryPoint","urlTemplate":"https:\/\/valeurhomestaging.com\/fr\/?s={search_term_string}"},"query-input":{"@type":"PropertyValueSpecification","valueRequired":true,"valueName":"search_term_string"}}],"inLanguage":"fr-FR"},{"@type":"Organization","@id":"https:\/\/valeurhomestaging.com\/fr\/#organization","name":"Valeur Home Staging","url":"https:\/\/valeurhomestaging.com\/fr\/","logo":{"@type":"ImageObject","inLanguage":"fr-FR","@id":"https:\/\/valeurhomestaging.com\/fr\/#\/schema\/logo\/image\/","url":"https:\/\/valeurhomestaging.com\/wp-content\/uploads\/2020\/04\/logo-valeur-188.png","contentUrl":"https:\/\/valeurhomestaging.com\/wp-content\/uploads\/2020\/04\/logo-valeur-188.png","width":453,"height":188,"caption":"Valeur Home Staging"},"image":{"@id":"https:\/\/valeurhomestaging.com\/fr\/#\/schema\/logo\/image\/"}}]}},"_links":{"self":[{"href":"https:\/\/valeurhomestaging.com\/fr\/wp-json\/wp\/v2\/pages\/1305","targetHints":{"allow":["GET"]}}],"collection":[{"href":"https:\/\/valeurhomestaging.com\/fr\/wp-json\/wp\/v2\/pages"}],"about":[{"href":"https:\/\/valeurhomestaging.com\/fr\/wp-json\/wp\/v2\/types\/page"}],"author":[{"embeddable":true,"href":"https:\/\/valeurhomestaging.com\/fr\/wp-json\/wp\/v2\/users\/1"}],"replies":[{"embeddable":true,"href":"https:\/\/valeurhomestaging.com\/fr\/wp-json\/wp\/v2\/comments?post=1305"}],"version-history":[{"count":2,"href":"https:\/\/valeurhomestaging.com\/fr\/wp-json\/wp\/v2\/pages\/1305\/revisions"}],"predecessor-version":[{"id":1421,"href":"https:\/\/valeurhomestaging.com\/fr\/wp-json\/wp\/v2\/pages\/1305\/revisions\/1421"}],"wp:attachment":[{"href":"https:\/\/valeurhomestaging.com\/fr\/wp-json\/wp\/v2\/media?parent=1305"}],"curies":[{"name":"wp","href":"https:\/\/api.w.org\/{rel}","templated":true}]}}