{"id":1314,"date":"2020-04-21T09:52:45","date_gmt":"2020-04-21T09:52:45","guid":{"rendered":"https:\/\/valeurhomestaging.com\/portrait\/"},"modified":"2024-09-11T09:39:47","modified_gmt":"2024-09-11T09:39:47","slug":"portrait","status":"publish","type":"page","link":"https:\/\/valeurhomestaging.com\/fr\/portrait\/","title":{"rendered":"Portrait"},"content":{"rendered":"<p><div class=\"fusion-fullwidth fullwidth-box fusion-builder-row-1 hundred-percent-fullwidth non-hundred-percent-height-scrolling fusion-equal-height-columns valeur-mobile-direction\" style=\"--awb-background-position:left top;--awb-border-sizes-top:0px;--awb-border-sizes-bottom:0px;--awb-border-sizes-left:0px;--awb-border-sizes-right:0px;--awb-border-radius-top-left:0px;--awb-border-radius-top-right:0px;--awb-border-radius-bottom-right:0px;--awb-border-radius-bottom-left:0px;--awb-padding-top:150px;--awb-padding-bottom:150px;--awb-flex-wrap:wrap;\" ><div class=\"fusion-builder-row fusion-row\"><div class=\"fusion-layout-column fusion_builder_column fusion-builder-column-0 fusion_builder_column_1_2 1_2 fusion-one-half fusion-column-first valeur-center-padding valeur-second-in-mobile\" style=\"--awb-bg-position:center center;--awb-bg-size:cover;--awb-margin-bottom:0px;width:50%;width:calc(50% - ( ( 4% ) * 0.5 ) );margin-right: 4%;\" data-scroll-devices=\"small-visibility,medium-visibility,large-visibility\"><div class=\"fusion-column-wrapper fusion-column-has-shadow fusion-flex-column-wrapper-legacy\"><div class=\"fusion-column-content-centered\"><div class=\"fusion-column-content\"><div class=\"fusion-image-element fusion-image-align-center in-legacy-container\" style=\"text-align:center;--awb-caption-title-font-family:var(--h2_typography-font-family);--awb-caption-title-font-weight:var(--h2_typography-font-weight);--awb-caption-title-font-style:var(--h2_typography-font-style);--awb-caption-title-size:var(--h2_typography-font-size);--awb-caption-title-transform:var(--h2_typography-text-transform);--awb-caption-title-line-height:var(--h2_typography-line-height);--awb-caption-title-letter-spacing:var(--h2_typography-letter-spacing);\"><div class=\"imageframe-align-center\"><span class=\" fusion-imageframe imageframe-none imageframe-1 hover-type-zoomin\"><img decoding=\"async\" width=\"848\" height=\"1091\" title=\"IMG_6598_1\" src=\"https:\/\/valeurhomestaging.com\/wp-content\/uploads\/2021\/09\/IMG_6598_1.jpg\" alt class=\"img-responsive wp-image-3750\" srcset=\"https:\/\/valeurhomestaging.com\/wp-content\/uploads\/2021\/09\/IMG_6598_1-200x257.jpg 200w, https:\/\/valeurhomestaging.com\/wp-content\/uploads\/2021\/09\/IMG_6598_1-400x515.jpg 400w, https:\/\/valeurhomestaging.com\/wp-content\/uploads\/2021\/09\/IMG_6598_1-600x772.jpg 600w, https:\/\/valeurhomestaging.com\/wp-content\/uploads\/2021\/09\/IMG_6598_1-800x1029.jpg 800w, https:\/\/valeurhomestaging.com\/wp-content\/uploads\/2021\/09\/IMG_6598_1.jpg 848w\" sizes=\"(max-width: 1000px) 100vw, 600px\" \/><\/span><\/div><\/div><\/div><\/div><div class=\"fusion-clearfix\"><\/div><\/div><\/div><div class=\"fusion-layout-column fusion_builder_column fusion-builder-column-1 fusion_builder_column_1_2 1_2 fusion-one-half fusion-column-last valeur-center-padding valeur-bullets\" style=\"--awb-padding-top:30px;--awb-padding-bottom:30px;--awb-bg-size:cover;--awb-margin-bottom:0px;width:50%;width:calc(50% - ( ( 4% ) * 0.5 ) );\"><div class=\"fusion-column-wrapper fusion-column-has-shadow fusion-flex-column-wrapper-legacy\"><div class=\"fusion-column-content-centered\"><div class=\"fusion-column-content\"><div class=\"fusion-sep-clear\"><\/div><div class=\"fusion-separator fusion-full-width-sep\" style=\"margin-left: auto;margin-right: auto;margin-top:40px;width:100%;\"><\/div><div class=\"fusion-sep-clear\"><\/div><div class=\"fusion-text fusion-text-1\"><p>Bienvenue chez Valeur Home Staging, votre partenaire dans la cr\u00e9ation d\u2019espaces qui captivent et vendent.<\/p>\n<p>Fran\u00e7aise d\u2019origine, madril\u00e8ne d\u2019adoption, et apr\u00e8s quelques arr\u00eats \u00e0 travers le globe, notre fondatrice, Pauline Moutardier, a construit sa carri\u00e8re professionnelle dans le monde de l\u2019entreprise internationale. Ce parcours lui a non seulement offert une perspective globale, mais aussi les outils n\u00e9cessaires pour aborder notre projet actuel avec un \u00e9quilibre entre cr\u00e9ativit\u00e9 et pragmatisme.<\/p>\n<p>En tant que Home Stager certifi\u00e9e, notre fondatrice dirige une \u00e9quipe multidisciplinaire d\u00e9vou\u00e9e. Nous nous sp\u00e9cialisons dans l&rsquo;aide aux investisseurs, promoteurs et professionnels de l&rsquo;immobilier pour maximiser l&rsquo;attrait des propri\u00e9t\u00e9s dans leurs portefeuilles, obtenant des r\u00e9sultats exceptionnels dans des d\u00e9lais records.<\/p>\n<p>Nous avons men\u00e9 \u00e0 bien de nombreux projets pour des agences leaders telles que Remax, Keller Williams, Impact Homes et Clikalia, entre autres.<\/p>\n<p>En plus du home staging, nous proposons un autre service cl\u00e9 : la gestion compl\u00e8te de projets d&rsquo;ameublement et de d\u00e9coration pour des clients non r\u00e9sidents \u00e0 Madrid, y compris des cadres et des familles expatri\u00e9es. Forts d&rsquo;une solide exp\u00e9rience dans la gestion de projets pour des clients issus de diverses cultures et pays, nous comprenons les exigences d&rsquo;une client\u00e8le internationale et savons comment y r\u00e9pondre. Nous veillons \u00e0 respecter rigoureusement les d\u00e9lais et le budget, garantissant ainsi une relocalisation r\u00e9ussie.<\/p>\n<p>Merci d\u2019\u00eatre sur notre site web. Chez Valeur Home Staging, que vous soyez un professionnel de l&rsquo;immobilier cherchant \u00e0 optimiser vos investissements ou que vous ayez un client en processus de relocalisation, nous sommes pr\u00eats \u00e0 transformer vos espaces et \u00e0 vous aider \u00e0 vous d\u00e9marquer aupr\u00e8s de vos clients. Nous vous invitons \u00e0 d\u00e9couvrir comment nous pouvons y parvenir ensemble !<\/p>\n<\/div><\/div><\/div><div class=\"fusion-clearfix\"><\/div><\/div><\/div><\/div><\/div><div class=\"fusion-fullwidth fullwidth-box fusion-builder-row-2 hundred-percent-fullwidth non-hundred-percent-height-scrolling fusion-equal-height-columns\" style=\"--awb-background-position:left top;--awb-border-sizes-top:0px;--awb-border-sizes-bottom:0px;--awb-border-sizes-left:0px;--awb-border-sizes-right:0px;--awb-border-radius-top-left:0px;--awb-border-radius-top-right:0px;--awb-border-radius-bottom-right:0px;--awb-border-radius-bottom-left:0px;--awb-padding-top:150px;--awb-padding-bottom:150px;--awb-background-color:#eaf2ee;--awb-flex-wrap:wrap;\" ><div class=\"fusion-builder-row fusion-row\"><div class=\"fusion-layout-column fusion_builder_column fusion-builder-column-2 fusion_builder_column_1_1 1_1 fusion-one-full fusion-column-first fusion-column-last fusion-column-no-min-height valeur-center-padding\" style=\"--awb-padding-top:30px;--awb-padding-bottom:0px;--awb-bg-size:cover;--awb-margin-bottom:0px;\"><div class=\"fusion-column-wrapper fusion-column-has-shadow fusion-flex-column-wrapper-legacy\"><div class=\"fusion-column-content-centered\"><div class=\"fusion-column-content\"><div class=\"fusion-text fusion-text-2 valeur-circle-title valeur-circle-title-3\"><h1 style=\"text-align: center;\"><span class=\"valeur-dancing-h1\">Pourquoi choisir<\/span><br \/>\nValeur Home Staging?<\/h1>\n<\/div><div class=\"fusion-sep-clear\"><\/div><div class=\"fusion-separator fusion-full-width-sep\" style=\"margin-left: auto;margin-right: auto;margin-top:40px;width:100%;\"><\/div><div class=\"fusion-sep-clear\"><\/div><\/div><\/div><div class=\"fusion-clearfix\"><\/div><\/div><\/div><div class=\"fusion-layout-column fusion_builder_column fusion-builder-column-3 fusion_builder_column_1_1 1_1 fusion-one-full fusion-column-first fusion-column-last valeur-center-padding\" style=\"--awb-padding-top:0px;--awb-padding-bottom:30px;--awb-bg-size:cover;--awb-margin-bottom:0px;\"><div class=\"fusion-column-wrapper fusion-column-has-shadow fusion-flex-column-wrapper-legacy\"><div class=\"fusion-column-content-centered\"><div class=\"fusion-column-content\"><div class=\"fusion-sep-clear\"><\/div><div class=\"fusion-separator fusion-full-width-sep\" style=\"margin-left: auto;margin-right: auto;margin-top:40px;width:100%;\"><\/div><div class=\"fusion-sep-clear\"><\/div><div class=\"fusion-text fusion-text-3 valeur-bullets\" style=\"--awb-margin-top:0px;\"><p>Notre objectif est de faire un travail diff\u00e9rentiel qui g\u00e9n\u00e8re de la valeur pour notre client.<\/p>\n<p><strong>NOS ENGAGEMENTS SONT SIMPLES<\/strong><\/p>\n<\/div><div class=\"fusion-builder-row fusion-builder-row-inner fusion-row\"><div class=\"fusion-layout-column fusion_builder_column_inner fusion-builder-nested-column-0 fusion_builder_column_inner_1_2 1_2 fusion-one-half fusion-column-first\" style=\"--awb-bg-size:cover;width:50%;width:calc(50% - ( ( 4% ) * 0.5 ) );margin-right: 4%;\"><div class=\"fusion-column-wrapper fusion-column-has-shadow fusion-flex-column-wrapper-legacy\"><div class=\"fusion-text fusion-text-4 valeur-bullets\"><ul>\n<li><strong>Professionnalisme et Exp\u00e9rience :<\/strong>\u00a0Nous avons \u00e9t\u00e9 form\u00e9s \u00e0 la Home Staging School et avons depuis r\u00e9alis\u00e9 avec succ\u00e8s de nombreux projets pour des agences de premier plan telles que Remax, Century 21, Keller Williams, Impact Homes et Clikalia, parmi d\u2019autres. Nous sommes fiers de leur confiance et de maintenir des collaborations r\u00e9currentes.<\/li>\n<li><strong>Processus Transparent et Normes \u00c9lev\u00e9es :<\/strong>\u00a0Nous avons \u00e9tabli des normes et des processus pour garantir que votre exp\u00e9rience avec nous soit la plus fluide et transparente possible. Notre objectif est de simplifier l\u2019ensemble du processus pour vous, de la consultation initiale aux derniers d\u00e9tails, afin que, en tant que professionnel de l\u2019immobilier, vous puissiez briller devant votre client.<\/li>\n<\/ul>\n<\/div><div class=\"fusion-clearfix\"><\/div><\/div><\/div><div class=\"fusion-layout-column fusion_builder_column_inner fusion-builder-nested-column-1 fusion_builder_column_inner_1_2 1_2 fusion-one-half fusion-column-last\" style=\"--awb-bg-size:cover;width:50%;width:calc(50% - ( ( 4% ) * 0.5 ) );\"><div class=\"fusion-column-wrapper fusion-column-has-shadow fusion-flex-column-wrapper-legacy\"><div class=\"fusion-text fusion-text-5 valeur-bullets\"><ul>\n<li><strong>Exp\u00e9rience dans des Environnements Exigeants :<\/strong>\u00a0Nous avons une vaste exp\u00e9rience de travail avec des clients habitu\u00e9s aux plus hauts standards. Nous comprenons leurs attentes et savons comment offrir un service \u00e0 la hauteur de leurs exigences, en respectant des d\u00e9lais stricts et des budgets d\u00e9finis.<\/li>\n<li><strong>Cr\u00e9ativit\u00e9 :<\/strong>\u00a0Nous suivons de pr\u00e8s les derni\u00e8res tendances pour offrir des solutions cr\u00e9atives adapt\u00e9es aux besoins de nos clients. Nous veillons \u00e0 ce que chaque aspect de votre projet soit g\u00e9r\u00e9 de mani\u00e8re efficace et avec qualit\u00e9.<\/li>\n<\/ul>\n<\/div><div class=\"fusion-clearfix\"><\/div><\/div><\/div><\/div><\/div><\/div><div class=\"fusion-clearfix\"><\/div><\/div><\/div><\/div><\/div><\/p>\n<div class=\"valeur-second-footer\"><div data-post-id=\"935\" class=\"insert-page insert-page-935 \"><div class=\"fusion-fullwidth fullwidth-box fusion-builder-row-3 hundred-percent-fullwidth non-hundred-percent-height-scrolling fusion-equal-height-columns\" style=\"--awb-border-radius-top-left:0px;--awb-border-radius-top-right:0px;--awb-border-radius-bottom-right:0px;--awb-border-radius-bottom-left:0px;--awb-padding-right:0px;--awb-padding-left:0px;--awb-margin-top:0px;--awb-margin-bottom:0px;--awb-flex-wrap:wrap;\" ><div class=\"fusion-builder-row fusion-row\"><div class=\"fusion-layout-column fusion_builder_column fusion-builder-column-4 fusion_builder_column_1_2 1_2 fusion-one-half fusion-column-first\" style=\"--awb-padding-top:120px;--awb-padding-bottom:50px;--awb-bg-color:#00a4b1;--awb-bg-color-hover:#00a4b1;--awb-bg-size:cover;--awb-margin-bottom:0px;\"><div class=\"fusion-column-wrapper fusion-column-has-shadow fusion-flex-column-wrapper-legacy\"><div class=\"fusion-text fusion-text-6 valeur-margin-section\"><h1 style=\"text-align: center;\"><span style=\"color: #ffffff;\">Posez-nous une<\/span><br \/>\n<span class=\"valeur-dancing-h1\" style=\"color: #ffffff;\">question<\/span><\/h1>\n<\/div><div class=\"fusion-sep-clear\"><\/div><div class=\"fusion-separator fusion-full-width-sep\" style=\"margin-left: auto;margin-right: auto;margin-top:20px;width:100%;\"><\/div><div class=\"fusion-sep-clear\"><\/div><div class=\"fusion-text fusion-text-7 valeur-margin-contact\"><p style=\"text-align: left;\"><span style=\"color: #ffffff;\">Demandez un devis ou posez-nous une question. Nous vous r\u00e9pondrons dans les plus brefs d\u00e9lais.<\/span><\/p>\n<\/div><div class=\"fusion-sep-clear\"><\/div><div class=\"fusion-separator fusion-full-width-sep\" style=\"margin-left: auto;margin-right: auto;margin-top:20px;width:100%;\"><\/div><div class=\"fusion-sep-clear\"><\/div><div class=\"fusion-text fusion-text-8 valeur-legal-advise valeur-margin-contact\"><p><strong>Informaci\u00f3n b\u00e1sica sobre protecci\u00f3n de datos.<\/strong> Responsable: Valeur Home Staging. Finalidad: Gestionar el env\u00edo de informaci\u00f3n y prospecci\u00f3n comercial y dar acceso a los productos online. Legitimaci\u00f3n: Consentimiento del interesado. Destinatarios: Empresas proveedoras nacionales y encargados de tratamiento acogidos a privacy shield. Derechos: Acceder, rectificar y suprimir los datos, as\u00ed como otros derechos como se explica en la informaci\u00f3n adicional. Informaci\u00f3n adicional:\u00a0Puedes consultar la informaci\u00f3n adicional y detallada sobre protecci\u00f3n de datos\u00a0<a href=\"https:\/\/valeurhomestaging.com\/fr\/politique-de-confidentialite\/\" target=\"_blank\" rel=\"noopener noreferrer\" data-saferedirecturl=\"https:\/\/www.google.com\/url?q=http:\/\/annagarcia.net\/consentimiento-web\/&amp;source=gmail&amp;ust=1586869246909000&amp;usg=AFQjCNHrth1FUQTpi671ZRHjiKZeDP83PA\">en este enlace<\/a><\/p>\n<\/div><div class=\"fusion-clearfix\"><\/div><\/div><\/div><div class=\"fusion-layout-column fusion_builder_column fusion-builder-column-5 fusion_builder_column_1_2 1_2 fusion-one-half fusion-column-last valeur-contact-form\" style=\"--awb-padding-top:120px;--awb-padding-bottom:30px;--awb-bg-color:#90c9c4;--awb-bg-color-hover:#90c9c4;--awb-bg-size:cover;--awb-margin-bottom:0px;\"><div class=\"fusion-column-wrapper fusion-column-has-shadow fusion-flex-column-wrapper-legacy\"><div class=\"fusion-text fusion-text-9 valeur-margin-contact\">\n<div class=\"wpcf7 no-js\" id=\"wpcf7-f1444-p1435-o1\" lang=\"fr-FR\" dir=\"ltr\" data-wpcf7-id=\"1444\">\n<div class=\"screen-reader-response\"><p role=\"status\" aria-live=\"polite\" aria-atomic=\"true\"><\/p> <ul><\/ul><\/div>\n<form action=\"\/fr\/wp-json\/wp\/v2\/pages\/1314#wpcf7-f1444-p1435-o1\" method=\"post\" class=\"wpcf7-form init wpcf7-acceptance-as-validation\" aria-label=\"Formulaire de contact\" novalidate=\"novalidate\" data-status=\"init\">\n<fieldset class=\"hidden-fields-container\"><input type=\"hidden\" name=\"_wpcf7\" value=\"1444\" \/><input type=\"hidden\" name=\"_wpcf7_version\" value=\"6.1.5\" \/><input type=\"hidden\" name=\"_wpcf7_locale\" value=\"fr_FR\" \/><input type=\"hidden\" name=\"_wpcf7_unit_tag\" value=\"wpcf7-f1444-p1435-o1\" \/><input type=\"hidden\" name=\"_wpcf7_container_post\" value=\"1435\" \/><input type=\"hidden\" name=\"_wpcf7_posted_data_hash\" value=\"\" \/>\n<\/fieldset>\n<div class=\"valeur-contact-wrapper\">\n\t<div class=\"valeur-contact-label\">\n\t\t<p>Nom <span class=\"valeur-asterisk\">*<\/span>\n\t\t<\/p>\n\t<\/div>\n\t<div class=\"valeur-contact-field\">\n\t\t<p><span class=\"wpcf7-form-control-wrap\" data-name=\"your-name\"><input size=\"40\" maxlength=\"400\" class=\"wpcf7-form-control wpcf7-text wpcf7-validates-as-required\" aria-required=\"true\" aria-invalid=\"false\" value=\"\" type=\"text\" name=\"your-name\" \/><\/span>\n\t\t<\/p>\n\t<\/div>\n<\/div>\n<div class=\"valeur-contact-wrapper\">\n\t<div class=\"valeur-contact-label\">\n\t\t<p>Email <span class=\"valeur-asterisk\">*<\/span>\n\t\t<\/p>\n\t<\/div>\n\t<div class=\"valeur-contact-field\">\n\t\t<p><span class=\"wpcf7-form-control-wrap\" data-name=\"your-email\"><input size=\"40\" maxlength=\"400\" class=\"wpcf7-form-control wpcf7-email wpcf7-validates-as-required wpcf7-text wpcf7-validates-as-email\" aria-required=\"true\" aria-invalid=\"false\" value=\"\" type=\"email\" name=\"your-email\" \/><\/span>\n\t\t<\/p>\n\t<\/div>\n<\/div>\n<div class=\"valeur-contact-wrapper\">\n\t<div class=\"valeur-contact-label\">\n\t\t<p>T\u00e9l\u00e9phone\n\t\t<\/p>\n\t<\/div>\n\t<div class=\"valeur-contact-field\">\n\t\t<p><span class=\"wpcf7-form-control-wrap\" data-name=\"your-tel\"><input size=\"40\" maxlength=\"400\" class=\"wpcf7-form-control wpcf7-tel wpcf7-text wpcf7-validates-as-tel\" aria-invalid=\"false\" value=\"\" type=\"tel\" name=\"your-tel\" \/><\/span>\n\t\t<\/p>\n\t<\/div>\n<\/div>\n<div class=\"valeur-contact-wrapper\">\n\t<div class=\"valeur-contact-label\">\n\t\t<p>Message <span class=\"valeur-asterisk\">*<\/span>\n\t\t<\/p>\n\t<\/div>\n\t<div class=\"valeur-contact-field\">\n\t\t<p><span class=\"wpcf7-form-control-wrap\" data-name=\"your-message\"><textarea cols=\"40\" rows=\"10\" maxlength=\"2000\" class=\"wpcf7-form-control wpcf7-textarea wpcf7-validates-as-required\" aria-required=\"true\" aria-invalid=\"false\" name=\"your-message\"><\/textarea><\/span>\n\t\t<\/p>\n\t<\/div>\n<\/div>\n<div class=\"valeur-acceptance-text\">\n\t<p><span class=\"wpcf7-form-control-wrap\" data-name=\"acceptance-100\"><span class=\"wpcf7-form-control wpcf7-acceptance\"><span class=\"wpcf7-list-item\"><label><input type=\"checkbox\" name=\"acceptance-100\" value=\"1\" aria-invalid=\"false\" \/><span class=\"wpcf7-list-item-label\">J'ai lu et j'accepte la <a href=\"https:\/\/valeurhomestaging.com\/fr\/politique-de-confidentialite\/\">politique de confidentialit\u00e9<\/a><\/span><\/label><\/span><\/span><\/span>\n\t<\/p>\n<\/div>\n<div style=\"text-align:center\">\n\t<p><input class=\"wpcf7-form-control wpcf7-submit has-spinner\" type=\"submit\" value=\"Envoyer\" \/>\n\t<\/p>\n<\/div><div class=\"fusion-alert alert custom alert-custom fusion-alert-center wpcf7-response-output fusion-alert-capitalize awb-alert-native-link-color alert-dismissable awb-alert-close-boxed\" style=\"--awb-border-size:1px;--awb-border-top-left-radius:0px;--awb-border-top-right-radius:0px;--awb-border-bottom-left-radius:0px;--awb-border-bottom-right-radius:0px;\" role=\"alert\"><div class=\"fusion-alert-content-wrapper\"><span class=\"fusion-alert-content\"><\/span><\/div><button type=\"button\" class=\"close toggle-alert\" data-dismiss=\"alert\" aria-label=\"Close\">&times;<\/button><\/div>\n<\/form>\n<\/div>\n\n<\/div><div class=\"fusion-clearfix\"><\/div><\/div><\/div><\/div><\/div>\n<\/div><\/div>","protected":false},"excerpt":{"rendered":"<p>Posez-nous une question Demandez un devis ou posez-nous une question.  [&#8230;]<\/p>\n","protected":false},"author":1,"featured_media":0,"parent":0,"menu_order":0,"comment_status":"closed","ping_status":"closed","template":"100-width.php","meta":{"footnotes":""},"class_list":["post-1314","page","type-page","status-publish","hentry"],"yoast_head":"<!-- This site is optimized with the Yoast SEO plugin v27.2 - https:\/\/yoast.com\/product\/yoast-seo-wordpress\/ -->\n<title>Portrait - Home Staging - Valeur<\/title>\n<meta name=\"robots\" content=\"index, follow, max-snippet:-1, max-image-preview:large, max-video-preview:-1\" \/>\n<link rel=\"canonical\" href=\"https:\/\/valeurhomestaging.com\/fr\/portrait\/\" \/>\n<meta property=\"og:locale\" content=\"fr_FR\" \/>\n<meta property=\"og:type\" content=\"article\" \/>\n<meta property=\"og:title\" content=\"Portrait - Home Staging - Valeur\" \/>\n<meta property=\"og:description\" content=\"Posez-nous une question Demandez un devis ou posez-nous une question. [...]\" \/>\n<meta property=\"og:url\" content=\"https:\/\/valeurhomestaging.com\/fr\/portrait\/\" \/>\n<meta property=\"og:site_name\" content=\"Home Staging - Valeur\" \/>\n<meta property=\"article:modified_time\" content=\"2024-09-11T09:39:47+00:00\" \/>\n<meta name=\"twitter:card\" content=\"summary_large_image\" \/>\n<meta name=\"twitter:label1\" content=\"Dur\u00e9e de lecture estim\u00e9e\" \/>\n\t<meta name=\"twitter:data1\" content=\"4 minutes\" \/>\n<script type=\"application\/ld+json\" class=\"yoast-schema-graph\">{\"@context\":\"https:\/\/schema.org\",\"@graph\":[{\"@type\":\"WebPage\",\"@id\":\"https:\/\/valeurhomestaging.com\/fr\/portrait\/\",\"url\":\"https:\/\/valeurhomestaging.com\/fr\/portrait\/\",\"name\":\"Portrait - Home Staging - Valeur\",\"isPartOf\":{\"@id\":\"https:\/\/valeurhomestaging.com\/fr\/#website\"},\"datePublished\":\"2020-04-21T09:52:45+00:00\",\"dateModified\":\"2024-09-11T09:39:47+00:00\",\"breadcrumb\":{\"@id\":\"https:\/\/valeurhomestaging.com\/fr\/portrait\/#breadcrumb\"},\"inLanguage\":\"fr-FR\",\"potentialAction\":[{\"@type\":\"ReadAction\",\"target\":[\"https:\/\/valeurhomestaging.com\/fr\/portrait\/\"]}]},{\"@type\":\"BreadcrumbList\",\"@id\":\"https:\/\/valeurhomestaging.com\/fr\/portrait\/#breadcrumb\",\"itemListElement\":[{\"@type\":\"ListItem\",\"position\":1,\"name\":\"Portada\",\"item\":\"https:\/\/valeurhomestaging.com\/fr\/\"},{\"@type\":\"ListItem\",\"position\":2,\"name\":\"Portrait\"}]},{\"@type\":\"WebSite\",\"@id\":\"https:\/\/valeurhomestaging.com\/fr\/#website\",\"url\":\"https:\/\/valeurhomestaging.com\/fr\/\",\"name\":\"Home Staging - Valeur\",\"description\":\"\",\"publisher\":{\"@id\":\"https:\/\/valeurhomestaging.com\/fr\/#organization\"},\"potentialAction\":[{\"@type\":\"SearchAction\",\"target\":{\"@type\":\"EntryPoint\",\"urlTemplate\":\"https:\/\/valeurhomestaging.com\/fr\/?s={search_term_string}\"},\"query-input\":{\"@type\":\"PropertyValueSpecification\",\"valueRequired\":true,\"valueName\":\"search_term_string\"}}],\"inLanguage\":\"fr-FR\"},{\"@type\":\"Organization\",\"@id\":\"https:\/\/valeurhomestaging.com\/fr\/#organization\",\"name\":\"Valeur Home Staging\",\"url\":\"https:\/\/valeurhomestaging.com\/fr\/\",\"logo\":{\"@type\":\"ImageObject\",\"inLanguage\":\"fr-FR\",\"@id\":\"https:\/\/valeurhomestaging.com\/fr\/#\/schema\/logo\/image\/\",\"url\":\"https:\/\/valeurhomestaging.com\/wp-content\/uploads\/2020\/04\/logo-valeur-188.png\",\"contentUrl\":\"https:\/\/valeurhomestaging.com\/wp-content\/uploads\/2020\/04\/logo-valeur-188.png\",\"width\":453,\"height\":188,\"caption\":\"Valeur Home Staging\"},\"image\":{\"@id\":\"https:\/\/valeurhomestaging.com\/fr\/#\/schema\/logo\/image\/\"}}]}<\/script>\n<!-- \/ Yoast SEO plugin. -->","yoast_head_json":{"title":"Portrait - Home Staging - Valeur","robots":{"index":"index","follow":"follow","max-snippet":"max-snippet:-1","max-image-preview":"max-image-preview:large","max-video-preview":"max-video-preview:-1"},"canonical":"https:\/\/valeurhomestaging.com\/fr\/portrait\/","og_locale":"fr_FR","og_type":"article","og_title":"Portrait - Home Staging - Valeur","og_description":"Posez-nous une question Demandez un devis ou posez-nous une question. [...]","og_url":"https:\/\/valeurhomestaging.com\/fr\/portrait\/","og_site_name":"Home Staging - Valeur","article_modified_time":"2024-09-11T09:39:47+00:00","twitter_card":"summary_large_image","twitter_misc":{"Dur\u00e9e de lecture estim\u00e9e":"4 minutes"},"schema":{"@context":"https:\/\/schema.org","@graph":[{"@type":"WebPage","@id":"https:\/\/valeurhomestaging.com\/fr\/portrait\/","url":"https:\/\/valeurhomestaging.com\/fr\/portrait\/","name":"Portrait - Home Staging - Valeur","isPartOf":{"@id":"https:\/\/valeurhomestaging.com\/fr\/#website"},"datePublished":"2020-04-21T09:52:45+00:00","dateModified":"2024-09-11T09:39:47+00:00","breadcrumb":{"@id":"https:\/\/valeurhomestaging.com\/fr\/portrait\/#breadcrumb"},"inLanguage":"fr-FR","potentialAction":[{"@type":"ReadAction","target":["https:\/\/valeurhomestaging.com\/fr\/portrait\/"]}]},{"@type":"BreadcrumbList","@id":"https:\/\/valeurhomestaging.com\/fr\/portrait\/#breadcrumb","itemListElement":[{"@type":"ListItem","position":1,"name":"Portada","item":"https:\/\/valeurhomestaging.com\/fr\/"},{"@type":"ListItem","position":2,"name":"Portrait"}]},{"@type":"WebSite","@id":"https:\/\/valeurhomestaging.com\/fr\/#website","url":"https:\/\/valeurhomestaging.com\/fr\/","name":"Home Staging - Valeur","description":"","publisher":{"@id":"https:\/\/valeurhomestaging.com\/fr\/#organization"},"potentialAction":[{"@type":"SearchAction","target":{"@type":"EntryPoint","urlTemplate":"https:\/\/valeurhomestaging.com\/fr\/?s={search_term_string}"},"query-input":{"@type":"PropertyValueSpecification","valueRequired":true,"valueName":"search_term_string"}}],"inLanguage":"fr-FR"},{"@type":"Organization","@id":"https:\/\/valeurhomestaging.com\/fr\/#organization","name":"Valeur Home Staging","url":"https:\/\/valeurhomestaging.com\/fr\/","logo":{"@type":"ImageObject","inLanguage":"fr-FR","@id":"https:\/\/valeurhomestaging.com\/fr\/#\/schema\/logo\/image\/","url":"https:\/\/valeurhomestaging.com\/wp-content\/uploads\/2020\/04\/logo-valeur-188.png","contentUrl":"https:\/\/valeurhomestaging.com\/wp-content\/uploads\/2020\/04\/logo-valeur-188.png","width":453,"height":188,"caption":"Valeur Home Staging"},"image":{"@id":"https:\/\/valeurhomestaging.com\/fr\/#\/schema\/logo\/image\/"}}]}},"_links":{"self":[{"href":"https:\/\/valeurhomestaging.com\/fr\/wp-json\/wp\/v2\/pages\/1314","targetHints":{"allow":["GET"]}}],"collection":[{"href":"https:\/\/valeurhomestaging.com\/fr\/wp-json\/wp\/v2\/pages"}],"about":[{"href":"https:\/\/valeurhomestaging.com\/fr\/wp-json\/wp\/v2\/types\/page"}],"author":[{"embeddable":true,"href":"https:\/\/valeurhomestaging.com\/fr\/wp-json\/wp\/v2\/users\/1"}],"replies":[{"embeddable":true,"href":"https:\/\/valeurhomestaging.com\/fr\/wp-json\/wp\/v2\/comments?post=1314"}],"version-history":[{"count":9,"href":"https:\/\/valeurhomestaging.com\/fr\/wp-json\/wp\/v2\/pages\/1314\/revisions"}],"predecessor-version":[{"id":8127,"href":"https:\/\/valeurhomestaging.com\/fr\/wp-json\/wp\/v2\/pages\/1314\/revisions\/8127"}],"wp:attachment":[{"href":"https:\/\/valeurhomestaging.com\/fr\/wp-json\/wp\/v2\/media?parent=1314"}],"curies":[{"name":"wp","href":"https:\/\/api.w.org\/{rel}","templated":true}]}}